{"id":62853,"date":"2021-02-16T11:35:48","date_gmt":"2021-02-16T09:35:48","guid":{"rendered":"https:\/\/dev.tactic.net\/tuote\/ett-skepp-kommer-lastat-resespel\/"},"modified":"2022-03-25T13:17:35","modified_gmt":"2022-03-25T11:17:35","slug":"ett-skepp-kommer-lastat-resespel","status":"archive","type":"product","link":"https:\/\/games.tactic.net\/sv\/tuote\/ett-skepp-kommer-lastat-resespel\/","title":{"rendered":"Ett skepp kommer lastat&#8230; Resespel"},"content":{"rendered":"<div>Vem kan komma p\u00e5 flest ord i de olika kategorierna p\u00e5 den valda bokstaven innan timglaset runnit ut.<\/div>\n<div><\/div>\n<div>En po\u00e4ng f\u00f6r varje ord och extrapo\u00e4ng om ingen annan spelare skrivit det ordet. Spelaren med flest po\u00e4ng vinner.<\/div>\n<div><\/div>\n<div>\u2022 Alla spelar samtidigt<\/div>\n<div>\u2022 En klassisk lek<\/div>\n<div>\u2022 Roligt f\u00f6r alla<\/div>\n","protected":false},"excerpt":{"rendered":"<div>Vem kan komma p\u00e5 flest ord i de olika kategorierna p\u00e5 den valda bokstaven innan timglaset runnit ut.<\/div>\n<div><\/div>\n<div>En po\u00e4ng f\u00f6r varje ord och extrapo\u00e4ng om ingen annan spelare skrivit det ordet. Spelaren med flest po\u00e4ng vinner.<\/div>\n<div><\/div>\n","protected":false},"featured_media":0,"template":"","meta":{"content-type":"","_monsterinsights_skip_tracking":false,"_monsterinsights_sitenote_active":false,"_monsterinsights_sitenote_note":"","_monsterinsights_sitenote_category":0},"product_brand":[],"product_cat":[1532],"product_tag":[845],"brand":[],"target-group":[],"discontinued":[],"class_list":{"0":"post-62853","1":"product","2":"type-product","3":"status-archive","5":"product_cat-resespel-barnspel","6":"product_tag-tillsammans","8":"first","9":"outofstock","10":"taxable","11":"shipping-taxable","12":"product-type-simple"},"aioseo_notices":[],"_links":{"self":[{"href":"https:\/\/games.tactic.net\/sv\/wp-json\/wp\/v2\/product\/62853","targetHints":{"allow":["GET"]}}],"collection":[{"href":"https:\/\/games.tactic.net\/sv\/wp-json\/wp\/v2\/product"}],"about":[{"href":"https:\/\/games.tactic.net\/sv\/wp-json\/wp\/v2\/types\/product"}],"wp:attachment":[{"href":"https:\/\/games.tactic.net\/sv\/wp-json\/wp\/v2\/media?parent=62853"}],"wp:term":[{"taxonomy":"product_brand","embeddable":true,"href":"https:\/\/games.tactic.net\/sv\/wp-json\/wp\/v2\/product_brand?post=62853"},{"taxonomy":"product_cat","embeddable":true,"href":"https:\/\/games.tactic.net\/sv\/wp-json\/wp\/v2\/product_cat?post=62853"},{"taxonomy":"product_tag","embeddable":true,"href":"https:\/\/games.tactic.net\/sv\/wp-json\/wp\/v2\/product_tag?post=62853"},{"taxonomy":"brand","embeddable":true,"href":"https:\/\/games.tactic.net\/sv\/wp-json\/wp\/v2\/brand?post=62853"},{"taxonomy":"target-group","embeddable":true,"href":"https:\/\/games.tactic.net\/sv\/wp-json\/wp\/v2\/target-group?post=62853"},{"taxonomy":"discontinued","embeddable":true,"href":"https:\/\/games.tactic.net\/sv\/wp-json\/wp\/v2\/discontinued?post=62853"}],"curies":[{"name":"wp","href":"https:\/\/api.w.org\/{rel}","templated":true}]}}