{"id":62838,"date":"2021-02-16T11:35:44","date_gmt":"2021-02-16T09:35:44","guid":{"rendered":"https:\/\/dev.tactic.net\/tuote\/rainbow-yatzy\/"},"modified":"2023-10-25T16:21:40","modified_gmt":"2023-10-25T13:21:40","slug":"rainbow-yatzy","status":"publish","type":"product","link":"https:\/\/games.tactic.net\/sv\/tuote\/rainbow-yatzy\/","title":{"rendered":"Tactic Rainbow Yatzy t\u00e4rningsspel"},"content":{"rendered":"<p>Ett klassiskt t\u00e4rningsspel med f\u00e4rggrann knorr. Kasta t\u00e4rningarna p\u00e5 regnb\u00e5gsinl\u00e4gget. Matchade f\u00e4rgerna s\u00e5 att du vann kort? Ju fler kort du samlar, desto h\u00f6gre po\u00e4ng f\u00e5r du. Men se upp \u2013 ibland leder dina anstr\u00e4ngningar till att du hj\u00e4lper n\u00e4sta spelare \u2026<\/p>\n","protected":false},"excerpt":{"rendered":"<p>Ett klassiskt t\u00e4rningsspel med f\u00e4rggrann knorr. Kasta t\u00e4rningarna p\u00e5 regnb\u00e5gsinl\u00e4gget. Matchade f\u00e4rgerna s\u00e5 att du vann kort? Ju fler kort du samlar, desto h\u00f6gre po\u00e4ng f\u00e5r du. Men se upp \u2013 ibland leder dina anstr\u00e4ngningar till att du hj\u00e4lper n\u00e4sta spelare \u2026<\/p>\n","protected":false},"featured_media":0,"template":"","meta":{"content-type":"","_monsterinsights_skip_tracking":false,"_monsterinsights_sitenote_active":false,"_monsterinsights_sitenote_note":"","_monsterinsights_sitenote_category":0},"product_brand":[],"product_cat":[1578,1563],"product_tag":[1238,857],"brand":[],"target-group":[],"discontinued":[],"class_list":{"0":"post-62838","1":"product","2":"type-product","3":"status-publish","5":"product_cat-kort-och-tarningsspel-familjespel","6":"product_cat-kort-och-tarningsspel","7":"product_tag-strategi-sv","8":"product_tag-tur","10":"first","11":"instock","12":"taxable","13":"shipping-taxable","14":"product-type-simple"},"aioseo_notices":[],"_links":{"self":[{"href":"https:\/\/games.tactic.net\/sv\/wp-json\/wp\/v2\/product\/62838","targetHints":{"allow":["GET"]}}],"collection":[{"href":"https:\/\/games.tactic.net\/sv\/wp-json\/wp\/v2\/product"}],"about":[{"href":"https:\/\/games.tactic.net\/sv\/wp-json\/wp\/v2\/types\/product"}],"wp:attachment":[{"href":"https:\/\/games.tactic.net\/sv\/wp-json\/wp\/v2\/media?parent=62838"}],"wp:term":[{"taxonomy":"product_brand","embeddable":true,"href":"https:\/\/games.tactic.net\/sv\/wp-json\/wp\/v2\/product_brand?post=62838"},{"taxonomy":"product_cat","embeddable":true,"href":"https:\/\/games.tactic.net\/sv\/wp-json\/wp\/v2\/product_cat?post=62838"},{"taxonomy":"product_tag","embeddable":true,"href":"https:\/\/games.tactic.net\/sv\/wp-json\/wp\/v2\/product_tag?post=62838"},{"taxonomy":"brand","embeddable":true,"href":"https:\/\/games.tactic.net\/sv\/wp-json\/wp\/v2\/brand?post=62838"},{"taxonomy":"target-group","embeddable":true,"href":"https:\/\/games.tactic.net\/sv\/wp-json\/wp\/v2\/target-group?post=62838"},{"taxonomy":"discontinued","embeddable":true,"href":"https:\/\/games.tactic.net\/sv\/wp-json\/wp\/v2\/discontinued?post=62838"}],"curies":[{"name":"wp","href":"https:\/\/api.w.org\/{rel}","templated":true}]}}