{"id":62832,"date":"2021-02-16T11:35:22","date_gmt":"2021-02-16T09:35:22","guid":{"rendered":"https:\/\/dev.tactic.net\/tuote\/lumo-stars-memorize\/"},"modified":"2023-10-25T13:37:50","modified_gmt":"2023-10-25T10:37:50","slug":"lumo-stars-memorize","status":"publish","type":"product","link":"https:\/\/games.tactic.net\/sv\/tuote\/lumo-stars-memorize\/","title":{"rendered":"Lumo Stars Memorize minnesspel"},"content":{"rendered":"<p>Kom hit och f\u00e5 nya v\u00e4nner! Sprid ut brickorna p\u00e5 bordet och v\u00e4nd tv\u00e5 \u00e5t g\u00e5ngen. Om bilderna p\u00e5 brickorna \u00e4r likadana f\u00e5r du beh\u00e5lla dem. Den spelare som samlat flest par vinner spelet.<\/p>\n","protected":false},"excerpt":{"rendered":"<p>Kom hit och f\u00e5 nya v\u00e4nner! Sprid ut brickorna p\u00e5 bordet och v\u00e4nd tv\u00e5 \u00e5t g\u00e5ngen. Om bilderna p\u00e5 brickorna \u00e4r likadana f\u00e5r du beh\u00e5lla dem. Den spelare som samlat flest par vinner spelet.<\/p>\n","protected":false},"featured_media":0,"template":"","meta":{"content-type":"","_monsterinsights_skip_tracking":false,"_monsterinsights_sitenote_active":false,"_monsterinsights_sitenote_note":"","_monsterinsights_sitenote_category":0},"product_brand":[],"product_cat":[1567,1570],"product_tag":[1235,1264],"brand":[{"id":1018,"name":"Lumo Stars","slug":"lumo-stars-13"}],"target-group":[],"discontinued":[],"class_list":{"0":"post-62832","1":"product","2":"type-product","3":"status-publish","5":"product_cat-memo-spel-barnspel","6":"product_cat-ovrigt","7":"product_tag-kombinera-sv","8":"product_tag-lumo-stars-sv","9":"brand-lumo-stars-13","11":"first","12":"instock","13":"taxable","14":"shipping-taxable","15":"product-type-simple"},"aioseo_notices":[],"_links":{"self":[{"href":"https:\/\/games.tactic.net\/sv\/wp-json\/wp\/v2\/product\/62832","targetHints":{"allow":["GET"]}}],"collection":[{"href":"https:\/\/games.tactic.net\/sv\/wp-json\/wp\/v2\/product"}],"about":[{"href":"https:\/\/games.tactic.net\/sv\/wp-json\/wp\/v2\/types\/product"}],"wp:attachment":[{"href":"https:\/\/games.tactic.net\/sv\/wp-json\/wp\/v2\/media?parent=62832"}],"wp:term":[{"taxonomy":"product_brand","embeddable":true,"href":"https:\/\/games.tactic.net\/sv\/wp-json\/wp\/v2\/product_brand?post=62832"},{"taxonomy":"product_cat","embeddable":true,"href":"https:\/\/games.tactic.net\/sv\/wp-json\/wp\/v2\/product_cat?post=62832"},{"taxonomy":"product_tag","embeddable":true,"href":"https:\/\/games.tactic.net\/sv\/wp-json\/wp\/v2\/product_tag?post=62832"},{"taxonomy":"brand","embeddable":true,"href":"https:\/\/games.tactic.net\/sv\/wp-json\/wp\/v2\/brand?post=62832"},{"taxonomy":"target-group","embeddable":true,"href":"https:\/\/games.tactic.net\/sv\/wp-json\/wp\/v2\/target-group?post=62832"},{"taxonomy":"discontinued","embeddable":true,"href":"https:\/\/games.tactic.net\/sv\/wp-json\/wp\/v2\/discontinued?post=62832"}],"curies":[{"name":"wp","href":"https:\/\/api.w.org\/{rel}","templated":true}]}}