{"id":62812,"date":"2021-02-16T11:34:59","date_gmt":"2021-02-16T09:34:59","guid":{"rendered":"https:\/\/dev.tactic.net\/tuote\/varldens-underverk\/"},"modified":"2023-10-25T16:12:53","modified_gmt":"2023-10-25T13:12:53","slug":"varldens-underverk","status":"publish","type":"product","link":"https:\/\/games.tactic.net\/sv\/tuote\/varldens-underverk\/","title":{"rendered":"Tactic V\u00e4rldens underverk br\u00e4dspel"},"content":{"rendered":"<p>Res runt i v\u00e4rlden och l\u00e4r k\u00e4nna n\u00e5gra av planetens mest fantastiska och unika st\u00e4llen. F\u00f6rs\u00f6k att k\u00e4nna igen ber\u00f6mda underverk och placera dem p\u00e5 r\u00e4tt kontinent. Om du gissar fel kan du ta hj\u00e4lp av ledtr\u00e5dar.<\/p>\n","protected":false},"excerpt":{"rendered":"<p>Res runt i v\u00e4rlden och l\u00e4r k\u00e4nna n\u00e5gra av planetens mest fantastiska och unika st\u00e4llen. F\u00f6rs\u00f6k att k\u00e4nna igen ber\u00f6mda underverk och placera dem p\u00e5 r\u00e4tt kontinent. Om du gissar fel kan du ta hj\u00e4lp av ledtr\u00e5dar.<\/p>\n","protected":false},"featured_media":0,"template":"","meta":{"content-type":"","_monsterinsights_skip_tracking":false,"_monsterinsights_sitenote_active":false,"_monsterinsights_sitenote_note":"","_monsterinsights_sitenote_category":0},"product_brand":[],"product_cat":[1524,1523],"product_tag":[849,1254],"brand":[],"target-group":[],"discontinued":[],"class_list":{"0":"post-62812","1":"product","2":"type-product","3":"status-publish","5":"product_cat-fragespel-familjespel","6":"product_cat-fragespel-vuxenspel","7":"product_tag-kunskap","8":"product_tag-pedagogisk-sv","10":"first","11":"instock","12":"taxable","13":"shipping-taxable","14":"product-type-simple"},"aioseo_notices":[],"_links":{"self":[{"href":"https:\/\/games.tactic.net\/sv\/wp-json\/wp\/v2\/product\/62812","targetHints":{"allow":["GET"]}}],"collection":[{"href":"https:\/\/games.tactic.net\/sv\/wp-json\/wp\/v2\/product"}],"about":[{"href":"https:\/\/games.tactic.net\/sv\/wp-json\/wp\/v2\/types\/product"}],"wp:attachment":[{"href":"https:\/\/games.tactic.net\/sv\/wp-json\/wp\/v2\/media?parent=62812"}],"wp:term":[{"taxonomy":"product_brand","embeddable":true,"href":"https:\/\/games.tactic.net\/sv\/wp-json\/wp\/v2\/product_brand?post=62812"},{"taxonomy":"product_cat","embeddable":true,"href":"https:\/\/games.tactic.net\/sv\/wp-json\/wp\/v2\/product_cat?post=62812"},{"taxonomy":"product_tag","embeddable":true,"href":"https:\/\/games.tactic.net\/sv\/wp-json\/wp\/v2\/product_tag?post=62812"},{"taxonomy":"brand","embeddable":true,"href":"https:\/\/games.tactic.net\/sv\/wp-json\/wp\/v2\/brand?post=62812"},{"taxonomy":"target-group","embeddable":true,"href":"https:\/\/games.tactic.net\/sv\/wp-json\/wp\/v2\/target-group?post=62812"},{"taxonomy":"discontinued","embeddable":true,"href":"https:\/\/games.tactic.net\/sv\/wp-json\/wp\/v2\/discontinued?post=62812"}],"curies":[{"name":"wp","href":"https:\/\/api.w.org\/{rel}","templated":true}]}}