{"id":628015,"date":"2022-09-21T08:17:28","date_gmt":"2022-09-21T05:17:28","guid":{"rendered":"http:\/\/games.tactic.net\/tuote\/escaperun-alcatraz-2034\/"},"modified":"2025-10-22T16:04:53","modified_gmt":"2025-10-22T13:04:53","slug":"escaperun-alcatraz-2034","status":"archive","type":"product","link":"https:\/\/games.tactic.net\/sv\/tuote\/escaperun-alcatraz-2034\/","title":{"rendered":"Gamestorm EscapeRun Alcatraz 2034"},"content":{"rendered":"<p>V\u00e4lkommen till Alcatraz \u2013 men kan du ta dig ut? Du ing\u00e5r i en grupp som har bjudits in f\u00f6r att se det f\u00f6rsta toppmoderna, robotvaktade f\u00e4ngelset i v\u00e4rlden men n\u00e5got blir fel \u2013 och du blir sj\u00e4lv f\u00e5nge. Hitta ut fr\u00e5n f\u00e4ngelse\u00f6n medan du undviker vaktrobotarna som inte tvekar att skjuta ihj\u00e4l dig. Unika karakt\u00e4rer som \u00e4r olika i alla spel. Regler som trappas upp. M\u00e5nga taktiska val och strategiska beslut!<\/p>\n<p><img decoding=\"async\" src=\"https:\\\\games.tactic.net\\pic\\logo\\Toy-Fair-Hero-Logo-2022.png\"><\/p>\n","protected":false},"excerpt":{"rendered":"<p>V\u00e4lkommen till Alcatraz \u2013 men kan du ta dig ut? Du ing\u00e5r i en grupp som har bjudits in f\u00f6r att se det f\u00f6rsta toppmoderna, robotvaktade f\u00e4ngelset i v\u00e4rlden men n\u00e5got blir fel \u2013 och du blir sj\u00e4lv f\u00e5nge. Hitta ut fr\u00e5n f\u00e4ngelse\u00f6n medan du undviker vaktrobotarna som inte tvekar att skjuta ihj\u00e4l dig. Unika [&hellip;]<\/p>\n","protected":false},"featured_media":0,"template":"","meta":{"content-type":"","_monsterinsights_skip_tracking":false,"_monsterinsights_sitenote_active":false,"_monsterinsights_sitenote_note":"","_monsterinsights_sitenote_category":0},"product_brand":[],"product_cat":[772,1522],"product_tag":[1238,1265],"brand":[{"id":881,"name":"Gamestorm Studio","slug":"gamestormstudio"}],"target-group":[],"discontinued":[],"class_list":{"0":"post-628015","1":"product","2":"type-product","3":"status-archive","5":"product_cat-strategispel","6":"product_cat-strategispel-vuxenspel","7":"product_tag-strategi-sv","8":"product_tag-taktik-sv","9":"brand-gamestormstudio","11":"first","12":"outofstock","13":"taxable","14":"shipping-taxable","15":"product-type-simple"},"aioseo_notices":[],"_links":{"self":[{"href":"https:\/\/games.tactic.net\/sv\/wp-json\/wp\/v2\/product\/628015","targetHints":{"allow":["GET"]}}],"collection":[{"href":"https:\/\/games.tactic.net\/sv\/wp-json\/wp\/v2\/product"}],"about":[{"href":"https:\/\/games.tactic.net\/sv\/wp-json\/wp\/v2\/types\/product"}],"wp:attachment":[{"href":"https:\/\/games.tactic.net\/sv\/wp-json\/wp\/v2\/media?parent=628015"}],"wp:term":[{"taxonomy":"product_brand","embeddable":true,"href":"https:\/\/games.tactic.net\/sv\/wp-json\/wp\/v2\/product_brand?post=628015"},{"taxonomy":"product_cat","embeddable":true,"href":"https:\/\/games.tactic.net\/sv\/wp-json\/wp\/v2\/product_cat?post=628015"},{"taxonomy":"product_tag","embeddable":true,"href":"https:\/\/games.tactic.net\/sv\/wp-json\/wp\/v2\/product_tag?post=628015"},{"taxonomy":"brand","embeddable":true,"href":"https:\/\/games.tactic.net\/sv\/wp-json\/wp\/v2\/brand?post=628015"},{"taxonomy":"target-group","embeddable":true,"href":"https:\/\/games.tactic.net\/sv\/wp-json\/wp\/v2\/target-group?post=628015"},{"taxonomy":"discontinued","embeddable":true,"href":"https:\/\/games.tactic.net\/sv\/wp-json\/wp\/v2\/discontinued?post=628015"}],"curies":[{"name":"wp","href":"https:\/\/api.w.org\/{rel}","templated":true}]}}