{"id":627986,"date":"2022-09-21T08:16:21","date_gmt":"2022-09-21T05:16:21","guid":{"rendered":"http:\/\/games.tactic.net\/tuote\/crime-scene-lazio-1356\/"},"modified":"2025-11-12T08:47:14","modified_gmt":"2025-11-12T06:47:14","slug":"crime-scene-lazio-1356","status":"archive","type":"product","link":"https:\/\/games.tactic.net\/sv\/tuote\/crime-scene-lazio-1356\/","title":{"rendered":"Gamestorm Crime Scene Lazio 1356"},"content":{"rendered":"<p>Dj\u00e4vulen kommer till klostret I det h\u00e4r sp\u00e4nnande spelet blir deltagarna en 1100-talsmunk som f\u00f6rs\u00f6ker lista ut vilka m\u00e4rkliga krafter som sprider skr\u00e4ck i ett kloster h\u00f6gt uppe i bergen. Studera ledtr\u00e5darna och l\u00f6s pusslen f\u00f6r att ta reda p\u00e5 vem den skyldige \u00e4r. Crime Scene \u00e4r ett helt nytt koncept som kombinerar en detaljerad brottsplatsbild, fascinerande pussel och en kriminalber\u00e4ttelse skriven av f\u00f6rfattaren Arttu Tuominen. \u2013 Passar f\u00f6r en eller flera spelare. \u2013 Varje ber\u00e4ttelse i konceptet \u00e4r olika och erbjuder en unik spelupplevelse. \u2013 Inneh\u00e5ller en ber\u00e4ttelse skapad av kriminalf\u00f6rfattaren Arttu Tuominen!<\/p>\n","protected":false},"excerpt":{"rendered":"<p>Dj\u00e4vulen kommer till klostret I det h\u00e4r sp\u00e4nnande spelet blir deltagarna en 1100-talsmunk som f\u00f6rs\u00f6ker lista ut vilka m\u00e4rkliga krafter som sprider skr\u00e4ck i ett kloster h\u00f6gt uppe i bergen. Studera ledtr\u00e5darna och l\u00f6s pusslen f\u00f6r att ta reda p\u00e5 vem den skyldige \u00e4r. Crime Scene \u00e4r ett helt nytt koncept som kombinerar en detaljerad brottsplatsbild, fascinerande pussel och en kriminalber\u00e4ttelse skriven av f\u00f6rfattaren Arttu Tuominen.<\/p>\n","protected":false},"featured_media":0,"template":"","meta":{"content-type":"","_monsterinsights_skip_tracking":false,"_monsterinsights_sitenote_active":false,"_monsterinsights_sitenote_note":"","_monsterinsights_sitenote_category":0},"product_brand":[],"product_cat":[1549],"product_tag":[1235,992,845],"brand":[{"id":881,"name":"Gamestorm Studio","slug":"gamestormstudio"}],"target-group":[],"discontinued":[],"class_list":{"0":"post-627986","1":"product","2":"type-product","3":"status-archive","5":"product_cat-1549","6":"product_tag-kombinera-sv","7":"product_tag-problemlosning","8":"product_tag-tillsammans","9":"brand-gamestormstudio","11":"first","12":"outofstock","13":"taxable","14":"shipping-taxable","15":"product-type-simple"},"aioseo_notices":[],"_links":{"self":[{"href":"https:\/\/games.tactic.net\/sv\/wp-json\/wp\/v2\/product\/627986","targetHints":{"allow":["GET"]}}],"collection":[{"href":"https:\/\/games.tactic.net\/sv\/wp-json\/wp\/v2\/product"}],"about":[{"href":"https:\/\/games.tactic.net\/sv\/wp-json\/wp\/v2\/types\/product"}],"wp:attachment":[{"href":"https:\/\/games.tactic.net\/sv\/wp-json\/wp\/v2\/media?parent=627986"}],"wp:term":[{"taxonomy":"product_brand","embeddable":true,"href":"https:\/\/games.tactic.net\/sv\/wp-json\/wp\/v2\/product_brand?post=627986"},{"taxonomy":"product_cat","embeddable":true,"href":"https:\/\/games.tactic.net\/sv\/wp-json\/wp\/v2\/product_cat?post=627986"},{"taxonomy":"product_tag","embeddable":true,"href":"https:\/\/games.tactic.net\/sv\/wp-json\/wp\/v2\/product_tag?post=627986"},{"taxonomy":"brand","embeddable":true,"href":"https:\/\/games.tactic.net\/sv\/wp-json\/wp\/v2\/brand?post=627986"},{"taxonomy":"target-group","embeddable":true,"href":"https:\/\/games.tactic.net\/sv\/wp-json\/wp\/v2\/target-group?post=627986"},{"taxonomy":"discontinued","embeddable":true,"href":"https:\/\/games.tactic.net\/sv\/wp-json\/wp\/v2\/discontinued?post=627986"}],"curies":[{"name":"wp","href":"https:\/\/api.w.org\/{rel}","templated":true}]}}