{"id":627942,"date":"2022-09-21T08:12:28","date_gmt":"2022-09-21T05:12:28","guid":{"rendered":"http:\/\/games.tactic.net\/tuote\/crime-scene-palermo-1985\/"},"modified":"2025-01-29T10:44:19","modified_gmt":"2025-01-29T08:44:19","slug":"crime-scene-palermo-1985","status":"archive","type":"product","link":"https:\/\/games.tactic.net\/sv\/tuote\/crime-scene-palermo-1985\/","title":{"rendered":"Gamestorm Crime Scene Palermo 1985"},"content":{"rendered":"<p>V\u00e4lkommen till Palermo, hemmet f\u00f6r Cosa Nostra. H\u00e4r kan ett m\u00e4nniskoliv sakna v\u00e4rde, men det h\u00e4r brottet chockerar alla. Vem m\u00f6rdade store Don? Den h\u00e4r historien verkar inte st\u00e4mma, s\u00e5 anv\u00e4nd dina instinkter f\u00f6r att l\u00f6sa brottet. Crime Scene \u00e4r ett helt nytt koncept som kombinerar en detaljerad brottsplatsbild, fascinerande pussel och en kriminalber\u00e4ttelse skriven av f\u00f6rfattaren Arttu Tuominen. Passar f\u00f6r en eller flera spelare. Varje ber\u00e4ttelse i konceptet \u00e4r olika och erbjuder en unik spelupplevelse. Inneh\u00e5ller en ber\u00e4ttelse skapad av kriminalf\u00f6rfattaren Arttu Tuominen!<\/p>\n","protected":false},"excerpt":{"rendered":"<p>V\u00e4lkommen till Palermo, hemmet f\u00f6r Cosa Nostra. H\u00e4r kan ett m\u00e4nniskoliv sakna v\u00e4rde, men det h\u00e4r brottet chockerar alla. Vem m\u00f6rdade store Don? Den h\u00e4r historien verkar inte st\u00e4mma, s\u00e5 anv\u00e4nd dina instinkter f\u00f6r att l\u00f6sa brottet.<\/p>\n","protected":false},"featured_media":0,"template":"","meta":{"content-type":"","_monsterinsights_skip_tracking":false,"_monsterinsights_sitenote_active":false,"_monsterinsights_sitenote_note":"","_monsterinsights_sitenote_category":0},"product_brand":[],"product_cat":[1549],"product_tag":[1235,992,845],"brand":[{"id":881,"name":"Gamestorm Studio","slug":"gamestormstudio"}],"target-group":[],"discontinued":[],"class_list":{"0":"post-627942","1":"product","2":"type-product","3":"status-archive","5":"product_cat-1549","6":"product_tag-kombinera-sv","7":"product_tag-problemlosning","8":"product_tag-tillsammans","9":"brand-gamestormstudio","11":"first","12":"outofstock","13":"taxable","14":"shipping-taxable","15":"product-type-simple"},"aioseo_notices":[],"_links":{"self":[{"href":"https:\/\/games.tactic.net\/sv\/wp-json\/wp\/v2\/product\/627942","targetHints":{"allow":["GET"]}}],"collection":[{"href":"https:\/\/games.tactic.net\/sv\/wp-json\/wp\/v2\/product"}],"about":[{"href":"https:\/\/games.tactic.net\/sv\/wp-json\/wp\/v2\/types\/product"}],"wp:attachment":[{"href":"https:\/\/games.tactic.net\/sv\/wp-json\/wp\/v2\/media?parent=627942"}],"wp:term":[{"taxonomy":"product_brand","embeddable":true,"href":"https:\/\/games.tactic.net\/sv\/wp-json\/wp\/v2\/product_brand?post=627942"},{"taxonomy":"product_cat","embeddable":true,"href":"https:\/\/games.tactic.net\/sv\/wp-json\/wp\/v2\/product_cat?post=627942"},{"taxonomy":"product_tag","embeddable":true,"href":"https:\/\/games.tactic.net\/sv\/wp-json\/wp\/v2\/product_tag?post=627942"},{"taxonomy":"brand","embeddable":true,"href":"https:\/\/games.tactic.net\/sv\/wp-json\/wp\/v2\/brand?post=627942"},{"taxonomy":"target-group","embeddable":true,"href":"https:\/\/games.tactic.net\/sv\/wp-json\/wp\/v2\/target-group?post=627942"},{"taxonomy":"discontinued","embeddable":true,"href":"https:\/\/games.tactic.net\/sv\/wp-json\/wp\/v2\/discontinued?post=627942"}],"curies":[{"name":"wp","href":"https:\/\/api.w.org\/{rel}","templated":true}]}}