{"id":627913,"date":"2022-09-21T08:09:54","date_gmt":"2022-09-21T05:09:54","guid":{"rendered":"http:\/\/games.tactic.net\/tuote\/crime-scene-iss-excalibur-2049\/"},"modified":"2023-10-25T13:24:09","modified_gmt":"2023-10-25T10:24:09","slug":"crime-scene-iss-excalibur-2049","status":"publish","type":"product","link":"https:\/\/games.tactic.net\/sv\/tuote\/crime-scene-iss-excalibur-2049\/","title":{"rendered":"Gamestorm Crime Scene ISS Excalibur 2049"},"content":{"rendered":"<p>M\u00f6rdaren sl\u00e5r till i rymden! N\u00e4r ett fruktansv\u00e4rt mord intr\u00e4ffar p\u00e5 en rymdstation som kretsar runt jorden blir varje bes\u00e4ttningsmedlem misst\u00e4nkt. Vem skulle utf\u00f6ra ett s\u00e5 fruktansv\u00e4rt brott, och varf\u00f6r? Den sp\u00e4nnande atmosf\u00e4ren i detta spel kommer verkligen att gripa tag i dig. Studera ledtr\u00e5darna och l\u00f6s pusslen f\u00f6r att ta reda p\u00e5 vem den skyldige \u00e4r. Crime Scene \u00e4r ett helt nytt koncept som kombinerar en detaljerad brottsplatsbild, fascinerande pussel och en kriminalber\u00e4ttelse skriven av f\u00f6rfattaren Arttu Tuominen.Passar f\u00f6r en eller flera spelare. Varje ber\u00e4ttelse i konceptet \u00e4r olika och erbjuder en unik spelupplevelse. Inneh\u00e5ller en ber\u00e4ttelse skapad av kriminalf\u00f6rfattaren Arttu Tuominen!<\/p>\n","protected":false},"excerpt":{"rendered":"<p>M\u00f6rdaren sl\u00e5r till i rymden! N\u00e4r ett fruktansv\u00e4rt mord intr\u00e4ffar p\u00e5 en rymdstation som kretsar runt jorden blir varje bes\u00e4ttningsmedlem misst\u00e4nkt. Vem skulle utf\u00f6ra ett s\u00e5 fruktansv\u00e4rt brott, och varf\u00f6r? Den sp\u00e4nnande atmosf\u00e4ren i detta spel kommer verkligen att gripa tag i dig. Studera ledtr\u00e5darna och l\u00f6s pusslen f\u00f6r att ta reda p\u00e5 vem den skyldige \u00e4r.<\/p>\n","protected":false},"featured_media":0,"template":"","meta":{"content-type":"","_monsterinsights_skip_tracking":false,"_monsterinsights_sitenote_active":false,"_monsterinsights_sitenote_note":"","_monsterinsights_sitenote_category":0},"product_brand":[],"product_cat":[1549],"product_tag":[1235,992,845],"brand":[{"id":881,"name":"Gamestorm Studio","slug":"gamestormstudio"}],"target-group":[],"discontinued":[],"class_list":{"0":"post-627913","1":"product","2":"type-product","3":"status-publish","5":"product_cat-1549","6":"product_tag-kombinera-sv","7":"product_tag-problemlosning","8":"product_tag-tillsammans","9":"brand-gamestormstudio","11":"first","12":"instock","13":"taxable","14":"shipping-taxable","15":"product-type-simple"},"aioseo_notices":[],"_links":{"self":[{"href":"https:\/\/games.tactic.net\/sv\/wp-json\/wp\/v2\/product\/627913","targetHints":{"allow":["GET"]}}],"collection":[{"href":"https:\/\/games.tactic.net\/sv\/wp-json\/wp\/v2\/product"}],"about":[{"href":"https:\/\/games.tactic.net\/sv\/wp-json\/wp\/v2\/types\/product"}],"wp:attachment":[{"href":"https:\/\/games.tactic.net\/sv\/wp-json\/wp\/v2\/media?parent=627913"}],"wp:term":[{"taxonomy":"product_brand","embeddable":true,"href":"https:\/\/games.tactic.net\/sv\/wp-json\/wp\/v2\/product_brand?post=627913"},{"taxonomy":"product_cat","embeddable":true,"href":"https:\/\/games.tactic.net\/sv\/wp-json\/wp\/v2\/product_cat?post=627913"},{"taxonomy":"product_tag","embeddable":true,"href":"https:\/\/games.tactic.net\/sv\/wp-json\/wp\/v2\/product_tag?post=627913"},{"taxonomy":"brand","embeddable":true,"href":"https:\/\/games.tactic.net\/sv\/wp-json\/wp\/v2\/brand?post=627913"},{"taxonomy":"target-group","embeddable":true,"href":"https:\/\/games.tactic.net\/sv\/wp-json\/wp\/v2\/target-group?post=627913"},{"taxonomy":"discontinued","embeddable":true,"href":"https:\/\/games.tactic.net\/sv\/wp-json\/wp\/v2\/discontinued?post=627913"}],"curies":[{"name":"wp","href":"https:\/\/api.w.org\/{rel}","templated":true}]}}