{"id":627814,"date":"2022-09-21T08:02:48","date_gmt":"2022-09-21T05:02:48","guid":{"rendered":"http:\/\/games.tactic.net\/tuote\/vikings-tales-tafl\/"},"modified":"2023-10-25T16:54:35","modified_gmt":"2023-10-25T13:54:35","slug":"vikings-tales-tafl","status":"publish","type":"product","link":"https:\/\/games.tactic.net\/sv\/tuote\/vikings-tales-tafl\/","title":{"rendered":"Gamestorm Vikings\u00b4 Tales Tafl King br\u00e4dspel"},"content":{"rendered":"<p>Kan du spela Tafl som vikingarna? I detta urgamla nordiska spel st\u00e4lls tv\u00e5 spelare mot varandra f\u00f6r att attackera respektive skydda kungen. Angriparna st\u00e4ller upp l\u00e4ngs spelbr\u00e4dets sidor, medan kungen och hans arm\u00e9 h\u00e5ller sig i mitten. Kommer kungen att r\u00e4ddas, eller kommer angriparna att vinna? Med imponerande spelpj\u00e4ser i tr\u00e4. Representerar den medeltida Hnefatafl-versionen av spelet. Ett klassiskt spel med o\u00e4ndliga m\u00f6jligheter!<\/p>\n","protected":false},"excerpt":{"rendered":"<p>Kan du spela Tafl som vikingarna? I detta urgamla nordiska spel st\u00e4lls tv\u00e5 spelare mot varandra f\u00f6r att attackera respektive skydda kungen. Angriparna st\u00e4ller upp l\u00e4ngs spelbr\u00e4dets sidor, medan kungen och hans arm\u00e9 h\u00e5ller sig i mitten. Kommer kungen att r\u00e4ddas, eller kommer angriparna att vinna? Med imponerande spelpj\u00e4ser i tr\u00e4. Representerar den medeltida Hnefatafl-versionen [&hellip;]<\/p>\n","protected":false},"featured_media":0,"template":"","meta":{"content-type":"","_monsterinsights_skip_tracking":false,"_monsterinsights_sitenote_active":false,"_monsterinsights_sitenote_note":"","_monsterinsights_sitenote_category":0},"product_brand":[],"product_cat":[772],"product_tag":[1238,1265],"brand":[{"id":881,"name":"Gamestorm Studio","slug":"gamestormstudio"}],"target-group":[],"discontinued":[],"class_list":{"0":"post-627814","1":"product","2":"type-product","3":"status-publish","5":"product_cat-strategispel","6":"product_tag-strategi-sv","7":"product_tag-taktik-sv","8":"brand-gamestormstudio","10":"first","11":"instock","12":"taxable","13":"shipping-taxable","14":"product-type-simple"},"aioseo_notices":[],"_links":{"self":[{"href":"https:\/\/games.tactic.net\/sv\/wp-json\/wp\/v2\/product\/627814","targetHints":{"allow":["GET"]}}],"collection":[{"href":"https:\/\/games.tactic.net\/sv\/wp-json\/wp\/v2\/product"}],"about":[{"href":"https:\/\/games.tactic.net\/sv\/wp-json\/wp\/v2\/types\/product"}],"wp:attachment":[{"href":"https:\/\/games.tactic.net\/sv\/wp-json\/wp\/v2\/media?parent=627814"}],"wp:term":[{"taxonomy":"product_brand","embeddable":true,"href":"https:\/\/games.tactic.net\/sv\/wp-json\/wp\/v2\/product_brand?post=627814"},{"taxonomy":"product_cat","embeddable":true,"href":"https:\/\/games.tactic.net\/sv\/wp-json\/wp\/v2\/product_cat?post=627814"},{"taxonomy":"product_tag","embeddable":true,"href":"https:\/\/games.tactic.net\/sv\/wp-json\/wp\/v2\/product_tag?post=627814"},{"taxonomy":"brand","embeddable":true,"href":"https:\/\/games.tactic.net\/sv\/wp-json\/wp\/v2\/brand?post=627814"},{"taxonomy":"target-group","embeddable":true,"href":"https:\/\/games.tactic.net\/sv\/wp-json\/wp\/v2\/target-group?post=627814"},{"taxonomy":"discontinued","embeddable":true,"href":"https:\/\/games.tactic.net\/sv\/wp-json\/wp\/v2\/discontinued?post=627814"}],"curies":[{"name":"wp","href":"https:\/\/api.w.org\/{rel}","templated":true}]}}