{"id":62780,"date":"2021-02-16T11:28:38","date_gmt":"2021-02-16T09:28:38","guid":{"rendered":"https:\/\/dev.tactic.net\/tuote\/lumo-stars-figu-repo\/"},"modified":"2025-01-22T14:10:08","modified_gmt":"2025-01-22T12:10:08","slug":"lumo-stars-figu-repo","status":"archive","type":"product","link":"https:\/\/games.tactic.net\/sv\/tuote\/lumo-stars-figu-repo\/","title":{"rendered":"Lumo Stars Figu Repo"},"content":{"rendered":"<p>Lumo Stars Figu<\/p>\n<p>&#8221;L\u00e5t oss spela gissningsleken igen,&#8221; f\u00f6resl\u00e5r Repo f\u00f6r sin v\u00e4n. &#8221;Ja!&#8221; svarar hans v\u00e4n och b\u00f6rjar gissa vilken typ av figur han tror att Repo ser stj\u00e4rnorna formas. Snart gissar han r\u00e4tt. Det \u00e4r en r\u00e4v som ser ut precis som Repo! D\u00e5 \u00e4r Repos kompis i sin tur \u2013 han drar in sn\u00f6n med sin bonde. Det \u00e4r Repos tur att gissa. Det \u00e4r inte l\u00e4tt men han ser snabbt vad det \u00e4r. Det \u00e4r en gran!<\/p>\n","protected":false},"excerpt":{"rendered":"<p><\/p>\n","protected":false},"featured_media":0,"template":"","meta":{"content-type":"","_monsterinsights_skip_tracking":false,"_monsterinsights_sitenote_active":false,"_monsterinsights_sitenote_note":"","_monsterinsights_sitenote_category":0},"product_brand":[],"product_cat":[1580],"product_tag":[],"brand":[{"id":1018,"name":"Lumo Stars","slug":"lumo-stars-13"}],"target-group":[],"discontinued":[],"class_list":{"0":"post-62780","1":"product","2":"type-product","3":"status-archive","5":"product_cat-figus","6":"brand-lumo-stars-13","8":"first","9":"outofstock","10":"taxable","11":"shipping-taxable","12":"product-type-simple"},"aioseo_notices":[],"_links":{"self":[{"href":"https:\/\/games.tactic.net\/sv\/wp-json\/wp\/v2\/product\/62780","targetHints":{"allow":["GET"]}}],"collection":[{"href":"https:\/\/games.tactic.net\/sv\/wp-json\/wp\/v2\/product"}],"about":[{"href":"https:\/\/games.tactic.net\/sv\/wp-json\/wp\/v2\/types\/product"}],"wp:attachment":[{"href":"https:\/\/games.tactic.net\/sv\/wp-json\/wp\/v2\/media?parent=62780"}],"wp:term":[{"taxonomy":"product_brand","embeddable":true,"href":"https:\/\/games.tactic.net\/sv\/wp-json\/wp\/v2\/product_brand?post=62780"},{"taxonomy":"product_cat","embeddable":true,"href":"https:\/\/games.tactic.net\/sv\/wp-json\/wp\/v2\/product_cat?post=62780"},{"taxonomy":"product_tag","embeddable":true,"href":"https:\/\/games.tactic.net\/sv\/wp-json\/wp\/v2\/product_tag?post=62780"},{"taxonomy":"brand","embeddable":true,"href":"https:\/\/games.tactic.net\/sv\/wp-json\/wp\/v2\/brand?post=62780"},{"taxonomy":"target-group","embeddable":true,"href":"https:\/\/games.tactic.net\/sv\/wp-json\/wp\/v2\/target-group?post=62780"},{"taxonomy":"discontinued","embeddable":true,"href":"https:\/\/games.tactic.net\/sv\/wp-json\/wp\/v2\/discontinued?post=62780"}],"curies":[{"name":"wp","href":"https:\/\/api.w.org\/{rel}","templated":true}]}}