{"id":62779,"date":"2021-02-16T11:28:34","date_gmt":"2021-02-16T09:28:34","guid":{"rendered":"https:\/\/dev.tactic.net\/tuote\/lumo-stars-figu-reino\/"},"modified":"2025-01-22T14:10:02","modified_gmt":"2025-01-22T12:10:02","slug":"lumo-stars-figu-reino","status":"archive","type":"product","link":"https:\/\/games.tactic.net\/sv\/tuote\/lumo-stars-figu-reino\/","title":{"rendered":"Lumo Stars Figu Reino"},"content":{"rendered":"<p>Lumo Stars Figu<\/p>\n<p>Reino pratar med Otso. Han ber\u00e4ttar f\u00f6r honom hur underbar sommaren har varit, att springa med v\u00e4nner p\u00e5 Lapplands kullar. Det var l\u00e4tt, varmt och s\u00e5 roligt! &#8221;Tycker du inte om vintern&#8221;, fr\u00e5gar bj\u00f6rnen Otso, som snart b\u00f6rjar sin vinters\u00f6mn. &#8221;\u00c5h ja!&#8221; ropar Reino. &#8221;Jag gillar dem b\u00e5da. Jag \u00e4lskar att dansa med mina v\u00e4nner under norrsken, runt l\u00e4gerelden. Jag skulle inte byta ut det mot n\u00e5gonting!&#8221;<\/p>\n","protected":false},"excerpt":{"rendered":"<p><\/p>\n","protected":false},"featured_media":0,"template":"","meta":{"content-type":"","_monsterinsights_skip_tracking":false,"_monsterinsights_sitenote_active":false,"_monsterinsights_sitenote_note":"","_monsterinsights_sitenote_category":0},"product_brand":[],"product_cat":[1580],"product_tag":[],"brand":[{"id":1018,"name":"Lumo Stars","slug":"lumo-stars-13"}],"target-group":[],"discontinued":[],"class_list":{"0":"post-62779","1":"product","2":"type-product","3":"status-archive","5":"product_cat-figus","6":"brand-lumo-stars-13","8":"first","9":"outofstock","10":"taxable","11":"shipping-taxable","12":"product-type-simple"},"aioseo_notices":[],"_links":{"self":[{"href":"https:\/\/games.tactic.net\/sv\/wp-json\/wp\/v2\/product\/62779","targetHints":{"allow":["GET"]}}],"collection":[{"href":"https:\/\/games.tactic.net\/sv\/wp-json\/wp\/v2\/product"}],"about":[{"href":"https:\/\/games.tactic.net\/sv\/wp-json\/wp\/v2\/types\/product"}],"wp:attachment":[{"href":"https:\/\/games.tactic.net\/sv\/wp-json\/wp\/v2\/media?parent=62779"}],"wp:term":[{"taxonomy":"product_brand","embeddable":true,"href":"https:\/\/games.tactic.net\/sv\/wp-json\/wp\/v2\/product_brand?post=62779"},{"taxonomy":"product_cat","embeddable":true,"href":"https:\/\/games.tactic.net\/sv\/wp-json\/wp\/v2\/product_cat?post=62779"},{"taxonomy":"product_tag","embeddable":true,"href":"https:\/\/games.tactic.net\/sv\/wp-json\/wp\/v2\/product_tag?post=62779"},{"taxonomy":"brand","embeddable":true,"href":"https:\/\/games.tactic.net\/sv\/wp-json\/wp\/v2\/brand?post=62779"},{"taxonomy":"target-group","embeddable":true,"href":"https:\/\/games.tactic.net\/sv\/wp-json\/wp\/v2\/target-group?post=62779"},{"taxonomy":"discontinued","embeddable":true,"href":"https:\/\/games.tactic.net\/sv\/wp-json\/wp\/v2\/discontinued?post=62779"}],"curies":[{"name":"wp","href":"https:\/\/api.w.org\/{rel}","templated":true}]}}