{"id":627785,"date":"2022-09-21T07:57:31","date_gmt":"2022-09-21T04:57:31","guid":{"rendered":"http:\/\/games.tactic.net\/tuote\/vikings-tales-odins-table\/"},"modified":"2023-10-25T16:51:29","modified_gmt":"2023-10-25T13:51:29","slug":"vikings-tales-odins-table","status":"publish","type":"product","link":"https:\/\/games.tactic.net\/sv\/tuote\/vikings-tales-odins-table\/","title":{"rendered":"Gamestorm Vikings\u2019 Tales Odin\u2019s Table br\u00e4dspel"},"content":{"rendered":"<p>Anv\u00e4nd gudarna f\u00f6r att vinna detta spel med taktik och bluff! I det strategiska br\u00e4dspelet k\u00e4mpar tv\u00e5 spelare f\u00f6r att vinna med hj\u00e4lp av de gamla vikingagudarna. Med Odins \u00f6verl\u00e4gsna kraft, Lokis kvickhet och styrkan fr\u00e5n \u00e5tta andra gudar siktar spelarna p\u00e5 att placera tre symboler i fiendens fort. Med imponerande spelpj\u00e4ser i tr\u00e4! En h\u00e5rd kamp med tv\u00e5 spelare.<\/p>\n","protected":false},"excerpt":{"rendered":"<p>Anv\u00e4nd gudarna f\u00f6r att vinna detta spel med taktik och bluff! I det strategiska br\u00e4dspelet k\u00e4mpar tv\u00e5 spelare f\u00f6r att vinna med hj\u00e4lp av de gamla vikingagudarna. Med Odins \u00f6verl\u00e4gsna kraft, Lokis kvickhet och styrkan fr\u00e5n \u00e5tta andra gudar siktar spelarna p\u00e5 att placera tre symboler i fiendens fort. Med imponerande spelpj\u00e4ser i tr\u00e4! En [&hellip;]<\/p>\n","protected":false},"featured_media":0,"template":"","meta":{"content-type":"","_monsterinsights_skip_tracking":false,"_monsterinsights_sitenote_active":false,"_monsterinsights_sitenote_note":"","_monsterinsights_sitenote_category":0},"product_brand":[],"product_cat":[772],"product_tag":[1238],"brand":[{"id":881,"name":"Gamestorm Studio","slug":"gamestormstudio"}],"target-group":[],"discontinued":[],"class_list":{"0":"post-627785","1":"product","2":"type-product","3":"status-publish","5":"product_cat-strategispel","6":"product_tag-strategi-sv","7":"brand-gamestormstudio","9":"first","10":"instock","11":"taxable","12":"shipping-taxable","13":"product-type-simple"},"aioseo_notices":[],"_links":{"self":[{"href":"https:\/\/games.tactic.net\/sv\/wp-json\/wp\/v2\/product\/627785","targetHints":{"allow":["GET"]}}],"collection":[{"href":"https:\/\/games.tactic.net\/sv\/wp-json\/wp\/v2\/product"}],"about":[{"href":"https:\/\/games.tactic.net\/sv\/wp-json\/wp\/v2\/types\/product"}],"wp:attachment":[{"href":"https:\/\/games.tactic.net\/sv\/wp-json\/wp\/v2\/media?parent=627785"}],"wp:term":[{"taxonomy":"product_brand","embeddable":true,"href":"https:\/\/games.tactic.net\/sv\/wp-json\/wp\/v2\/product_brand?post=627785"},{"taxonomy":"product_cat","embeddable":true,"href":"https:\/\/games.tactic.net\/sv\/wp-json\/wp\/v2\/product_cat?post=627785"},{"taxonomy":"product_tag","embeddable":true,"href":"https:\/\/games.tactic.net\/sv\/wp-json\/wp\/v2\/product_tag?post=627785"},{"taxonomy":"brand","embeddable":true,"href":"https:\/\/games.tactic.net\/sv\/wp-json\/wp\/v2\/brand?post=627785"},{"taxonomy":"target-group","embeddable":true,"href":"https:\/\/games.tactic.net\/sv\/wp-json\/wp\/v2\/target-group?post=627785"},{"taxonomy":"discontinued","embeddable":true,"href":"https:\/\/games.tactic.net\/sv\/wp-json\/wp\/v2\/discontinued?post=627785"}],"curies":[{"name":"wp","href":"https:\/\/api.w.org\/{rel}","templated":true}]}}