{"id":627784,"date":"2022-09-21T07:55:21","date_gmt":"2022-09-21T04:55:21","guid":{"rendered":"http:\/\/games.tactic.net\/tuote\/vikings-tales-edge-of-the-world\/"},"modified":"2023-10-25T16:49:52","modified_gmt":"2023-10-25T13:49:52","slug":"vikings-tales-edge-of-the-world","status":"publish","type":"product","link":"https:\/\/games.tactic.net\/sv\/tuote\/vikings-tales-edge-of-the-world\/","title":{"rendered":"Gamestorm Vikings\u00b4 Tales Edge of the World br\u00e4dspel"},"content":{"rendered":"<p>G\u00f6r dig redo f\u00f6r \u00e4ventyr! \u00c4r du redo att segla mot v\u00e4rldens \u00e4nde? S\u00e4tt ihop den b\u00e4sta bes\u00e4ttningen och b\u00f6rja handla varor medan du utk\u00e4mpar strider och tar dig vidare mot det ok\u00e4nda. Den vikingah\u00f6vding som samlar den st\u00f6rsta f\u00f6rm\u00f6genheten vinner, men det finns m\u00e5nga faror p\u00e5 v\u00e4gen&#8230; Med imponerande spelpj\u00e4ser i tr\u00e4! Ett \u00e4ventyrsspel f\u00f6r 3\u20134 spelare. Ett spel du kommer att vilja spela om och om igen.<\/p>\n","protected":false},"excerpt":{"rendered":"<p>G\u00f6r dig redo f\u00f6r \u00e4ventyr! \u00c4r du redo att segla mot v\u00e4rldens \u00e4nde? S\u00e4tt ihop den b\u00e4sta bes\u00e4ttningen och b\u00f6rja handla varor medan du utk\u00e4mpar strider och tar dig vidare mot det ok\u00e4nda. Den vikingah\u00f6vding som samlar den st\u00f6rsta f\u00f6rm\u00f6genheten vinner, men det finns m\u00e5nga faror p\u00e5 v\u00e4gen&#8230; Med imponerande spelpj\u00e4ser i tr\u00e4! Ett \u00e4ventyrsspel [&hellip;]<\/p>\n","protected":false},"featured_media":0,"template":"","meta":{"content-type":"","_monsterinsights_skip_tracking":false,"_monsterinsights_sitenote_active":false,"_monsterinsights_sitenote_note":"","_monsterinsights_sitenote_category":0},"product_brand":[],"product_cat":[1522,772],"product_tag":[1238],"brand":[{"id":881,"name":"Gamestorm Studio","slug":"gamestormstudio"}],"target-group":[],"discontinued":[],"class_list":{"0":"post-627784","1":"product","2":"type-product","3":"status-publish","5":"product_cat-strategispel-vuxenspel","6":"product_cat-strategispel","7":"product_tag-strategi-sv","8":"brand-gamestormstudio","10":"first","11":"instock","12":"taxable","13":"shipping-taxable","14":"product-type-simple"},"aioseo_notices":[],"_links":{"self":[{"href":"https:\/\/games.tactic.net\/sv\/wp-json\/wp\/v2\/product\/627784","targetHints":{"allow":["GET"]}}],"collection":[{"href":"https:\/\/games.tactic.net\/sv\/wp-json\/wp\/v2\/product"}],"about":[{"href":"https:\/\/games.tactic.net\/sv\/wp-json\/wp\/v2\/types\/product"}],"wp:attachment":[{"href":"https:\/\/games.tactic.net\/sv\/wp-json\/wp\/v2\/media?parent=627784"}],"wp:term":[{"taxonomy":"product_brand","embeddable":true,"href":"https:\/\/games.tactic.net\/sv\/wp-json\/wp\/v2\/product_brand?post=627784"},{"taxonomy":"product_cat","embeddable":true,"href":"https:\/\/games.tactic.net\/sv\/wp-json\/wp\/v2\/product_cat?post=627784"},{"taxonomy":"product_tag","embeddable":true,"href":"https:\/\/games.tactic.net\/sv\/wp-json\/wp\/v2\/product_tag?post=627784"},{"taxonomy":"brand","embeddable":true,"href":"https:\/\/games.tactic.net\/sv\/wp-json\/wp\/v2\/brand?post=627784"},{"taxonomy":"target-group","embeddable":true,"href":"https:\/\/games.tactic.net\/sv\/wp-json\/wp\/v2\/target-group?post=627784"},{"taxonomy":"discontinued","embeddable":true,"href":"https:\/\/games.tactic.net\/sv\/wp-json\/wp\/v2\/discontinued?post=627784"}],"curies":[{"name":"wp","href":"https:\/\/api.w.org\/{rel}","templated":true}]}}