{"id":62778,"date":"2021-02-16T11:28:31","date_gmt":"2021-02-16T09:28:31","guid":{"rendered":"https:\/\/dev.tactic.net\/tuote\/lumo-stars-figu-wuff\/"},"modified":"2025-01-22T14:09:57","modified_gmt":"2025-01-22T12:09:57","slug":"lumo-stars-figu-wuff","status":"archive","type":"product","link":"https:\/\/games.tactic.net\/sv\/tuote\/lumo-stars-figu-wuff\/","title":{"rendered":"Lumo Stars Figu Wuff"},"content":{"rendered":"<p>Lumo Stars Figu<\/p>\n<p>&#8221;Jag har aldrig sett ett stj\u00e4rnfall&#8221;, s\u00e4ger Wuff. &#8221;Jag har h\u00f6rt att n\u00e4r man ser en s\u00e5 kan man \u00f6nska sig&#8221;, forts\u00e4tter han. &#8221;Om vi sitter h\u00e4r en stund och tittar upp mot himlen kan vi se en&#8221;, s\u00e4ger Pupu till Wuff. De tittar p\u00e5 det tysta vinterlandskapet och himlen som \u00e4r fylld av lysande stj\u00e4rnor&#8230; och det \u00e4r d\u00e5 det h\u00e4nder! &#8221;Ett stj\u00e4rnfall!&#8221; skriker de b\u00e5da. Och sedan g\u00f6r de en \u00f6nskan.<\/p>\n","protected":false},"excerpt":{"rendered":"<p><\/p>\n","protected":false},"featured_media":0,"template":"","meta":{"content-type":"","_monsterinsights_skip_tracking":false,"_monsterinsights_sitenote_active":false,"_monsterinsights_sitenote_note":"","_monsterinsights_sitenote_category":0},"product_brand":[],"product_cat":[1580],"product_tag":[],"brand":[{"id":1018,"name":"Lumo Stars","slug":"lumo-stars-13"}],"target-group":[],"discontinued":[],"class_list":{"0":"post-62778","1":"product","2":"type-product","3":"status-archive","5":"product_cat-figus","6":"brand-lumo-stars-13","8":"first","9":"outofstock","10":"taxable","11":"shipping-taxable","12":"product-type-simple"},"aioseo_notices":[],"_links":{"self":[{"href":"https:\/\/games.tactic.net\/sv\/wp-json\/wp\/v2\/product\/62778","targetHints":{"allow":["GET"]}}],"collection":[{"href":"https:\/\/games.tactic.net\/sv\/wp-json\/wp\/v2\/product"}],"about":[{"href":"https:\/\/games.tactic.net\/sv\/wp-json\/wp\/v2\/types\/product"}],"wp:attachment":[{"href":"https:\/\/games.tactic.net\/sv\/wp-json\/wp\/v2\/media?parent=62778"}],"wp:term":[{"taxonomy":"product_brand","embeddable":true,"href":"https:\/\/games.tactic.net\/sv\/wp-json\/wp\/v2\/product_brand?post=62778"},{"taxonomy":"product_cat","embeddable":true,"href":"https:\/\/games.tactic.net\/sv\/wp-json\/wp\/v2\/product_cat?post=62778"},{"taxonomy":"product_tag","embeddable":true,"href":"https:\/\/games.tactic.net\/sv\/wp-json\/wp\/v2\/product_tag?post=62778"},{"taxonomy":"brand","embeddable":true,"href":"https:\/\/games.tactic.net\/sv\/wp-json\/wp\/v2\/brand?post=62778"},{"taxonomy":"target-group","embeddable":true,"href":"https:\/\/games.tactic.net\/sv\/wp-json\/wp\/v2\/target-group?post=62778"},{"taxonomy":"discontinued","embeddable":true,"href":"https:\/\/games.tactic.net\/sv\/wp-json\/wp\/v2\/discontinued?post=62778"}],"curies":[{"name":"wp","href":"https:\/\/api.w.org\/{rel}","templated":true}]}}