{"id":62777,"date":"2021-02-16T11:28:28","date_gmt":"2021-02-16T09:28:28","guid":{"rendered":"https:\/\/dev.tactic.net\/tuote\/lumo-stars-figu-smultron\/"},"modified":"2025-01-22T14:09:51","modified_gmt":"2025-01-22T12:09:51","slug":"lumo-stars-figu-smultron","status":"archive","type":"product","link":"https:\/\/games.tactic.net\/sv\/tuote\/lumo-stars-figu-smultron\/","title":{"rendered":"Lumo Stars Figu Smultron"},"content":{"rendered":"<p>Lumo Stars Figu<\/p>\n<p>&#8221;Jag bara \u00e4lskar jordgubbar&#8221;, s\u00e4ger Smultron till sin v\u00e4n. &#8221;Jag bara \u00e4lskar bl\u00e5b\u00e4r&#8221;, s\u00e4ger hennes v\u00e4n. Smultron s\u00e4ger: &#8221;Jag har en rosa p\u00e4ls och du har en brun p\u00e4ls. V\u00e5ra \u00f6gon har ocks\u00e5 olika f\u00e4rger.&#8221; Smultrons v\u00e4n t\u00e4nker. &#8221;Ja det \u00e4r de, men \u00e4ven om vi ser olika ut s\u00e5 \u00e4r vi fortfarande b\u00e5de igelkottar och b\u00e4sta v\u00e4nner som alltid har roligt tillsammans! Precis som norrskenet blandar vi alla olika sorters f\u00e4rger vackert!&#8221;<\/p>\n","protected":false},"excerpt":{"rendered":"<p><\/p>\n","protected":false},"featured_media":0,"template":"","meta":{"content-type":"","_monsterinsights_skip_tracking":false,"_monsterinsights_sitenote_active":false,"_monsterinsights_sitenote_note":"","_monsterinsights_sitenote_category":0},"product_brand":[],"product_cat":[1580],"product_tag":[],"brand":[{"id":1018,"name":"Lumo Stars","slug":"lumo-stars-13"}],"target-group":[],"discontinued":[],"class_list":{"0":"post-62777","1":"product","2":"type-product","3":"status-archive","5":"product_cat-figus","6":"brand-lumo-stars-13","8":"first","9":"outofstock","10":"taxable","11":"shipping-taxable","12":"product-type-simple"},"aioseo_notices":[],"_links":{"self":[{"href":"https:\/\/games.tactic.net\/sv\/wp-json\/wp\/v2\/product\/62777","targetHints":{"allow":["GET"]}}],"collection":[{"href":"https:\/\/games.tactic.net\/sv\/wp-json\/wp\/v2\/product"}],"about":[{"href":"https:\/\/games.tactic.net\/sv\/wp-json\/wp\/v2\/types\/product"}],"wp:attachment":[{"href":"https:\/\/games.tactic.net\/sv\/wp-json\/wp\/v2\/media?parent=62777"}],"wp:term":[{"taxonomy":"product_brand","embeddable":true,"href":"https:\/\/games.tactic.net\/sv\/wp-json\/wp\/v2\/product_brand?post=62777"},{"taxonomy":"product_cat","embeddable":true,"href":"https:\/\/games.tactic.net\/sv\/wp-json\/wp\/v2\/product_cat?post=62777"},{"taxonomy":"product_tag","embeddable":true,"href":"https:\/\/games.tactic.net\/sv\/wp-json\/wp\/v2\/product_tag?post=62777"},{"taxonomy":"brand","embeddable":true,"href":"https:\/\/games.tactic.net\/sv\/wp-json\/wp\/v2\/brand?post=62777"},{"taxonomy":"target-group","embeddable":true,"href":"https:\/\/games.tactic.net\/sv\/wp-json\/wp\/v2\/target-group?post=62777"},{"taxonomy":"discontinued","embeddable":true,"href":"https:\/\/games.tactic.net\/sv\/wp-json\/wp\/v2\/discontinued?post=62777"}],"curies":[{"name":"wp","href":"https:\/\/api.w.org\/{rel}","templated":true}]}}