{"id":627741,"date":"2022-09-21T07:49:08","date_gmt":"2022-09-21T04:49:08","guid":{"rendered":"http:\/\/games.tactic.net\/tuote\/lar-dig-karusellen\/"},"modified":"2024-10-23T10:36:57","modified_gmt":"2024-10-23T07:36:57","slug":"lar-dig-karusellen","status":"archive","type":"product","link":"https:\/\/games.tactic.net\/sv\/tuote\/lar-dig-karusellen\/","title":{"rendered":"Tactic L\u00e4r dig Karusellen br\u00e4dspel"},"content":{"rendered":"<p>Ett matchningsspel med fart! Varje spelare v\u00e4nder p\u00e5 karusellens niv\u00e5er f\u00f6r att skapa bilden av sin bricka, men utan att l\u00e5ta de andra spelarna veta vad de f\u00f6rs\u00f6ker g\u00f6ra! Det h\u00e4r spelet \u00e4r fullt av f\u00e4rgglada karakt\u00e4rer, och du kan v\u00e4nda niv\u00e5erna i karusellen f\u00f6r att f\u00e5 ett annat spelbr\u00e4de! Ett annorlunda matchningsspel. Karusellniv\u00e5erna \u00e4r dubbelsidiga och dubbelt s\u00e5 roliga! Fr\u00e4mjar tidiga kognitiva f\u00e4rdigheter!<\/p>\n","protected":false},"excerpt":{"rendered":"<p>Ett matchningsspel med fart! Varje spelare v\u00e4nder p\u00e5 karusellens niv\u00e5er f\u00f6r att skapa bilden av sin bricka, men utan att l\u00e5ta de andra spelarna veta vad de f\u00f6rs\u00f6ker g\u00f6ra! Det h\u00e4r spelet \u00e4r fullt av f\u00e4rgglada karakt\u00e4rer, och du kan v\u00e4nda niv\u00e5erna i karusellen f\u00f6r att f\u00e5 ett annat spelbr\u00e4de! Ett annorlunda matchningsspel. Karusellniv\u00e5erna \u00e4r [&hellip;]<\/p>\n","protected":false},"featured_media":0,"template":"","meta":{"content-type":"","_monsterinsights_skip_tracking":false,"_monsterinsights_sitenote_active":false,"_monsterinsights_sitenote_note":"","_monsterinsights_sitenote_category":0},"product_brand":[],"product_cat":[1462],"product_tag":[1235],"brand":[{"id":864,"name":"Let's Learn","slug":"letslearn-sv"}],"target-group":[],"discontinued":[],"class_list":{"0":"post-627741","1":"product","2":"type-product","3":"status-archive","5":"product_cat-bradspel-barnspel","6":"product_tag-kombinera-sv","7":"brand-letslearn-sv","9":"first","10":"outofstock","11":"taxable","12":"shipping-taxable","13":"product-type-simple"},"aioseo_notices":[],"_links":{"self":[{"href":"https:\/\/games.tactic.net\/sv\/wp-json\/wp\/v2\/product\/627741","targetHints":{"allow":["GET"]}}],"collection":[{"href":"https:\/\/games.tactic.net\/sv\/wp-json\/wp\/v2\/product"}],"about":[{"href":"https:\/\/games.tactic.net\/sv\/wp-json\/wp\/v2\/types\/product"}],"wp:attachment":[{"href":"https:\/\/games.tactic.net\/sv\/wp-json\/wp\/v2\/media?parent=627741"}],"wp:term":[{"taxonomy":"product_brand","embeddable":true,"href":"https:\/\/games.tactic.net\/sv\/wp-json\/wp\/v2\/product_brand?post=627741"},{"taxonomy":"product_cat","embeddable":true,"href":"https:\/\/games.tactic.net\/sv\/wp-json\/wp\/v2\/product_cat?post=627741"},{"taxonomy":"product_tag","embeddable":true,"href":"https:\/\/games.tactic.net\/sv\/wp-json\/wp\/v2\/product_tag?post=627741"},{"taxonomy":"brand","embeddable":true,"href":"https:\/\/games.tactic.net\/sv\/wp-json\/wp\/v2\/brand?post=627741"},{"taxonomy":"target-group","embeddable":true,"href":"https:\/\/games.tactic.net\/sv\/wp-json\/wp\/v2\/target-group?post=627741"},{"taxonomy":"discontinued","embeddable":true,"href":"https:\/\/games.tactic.net\/sv\/wp-json\/wp\/v2\/discontinued?post=627741"}],"curies":[{"name":"wp","href":"https:\/\/api.w.org\/{rel}","templated":true}]}}