{"id":62773,"date":"2021-02-16T11:28:15","date_gmt":"2021-02-16T09:28:15","guid":{"rendered":"https:\/\/dev.tactic.net\/tuote\/lumo-stars-figu-luna\/"},"modified":"2025-01-22T14:09:28","modified_gmt":"2025-01-22T12:09:28","slug":"lumo-stars-figu-luna","status":"archive","type":"product","link":"https:\/\/games.tactic.net\/sv\/tuote\/lumo-stars-figu-luna\/","title":{"rendered":"Lumo Stars Figu Luna"},"content":{"rendered":"<p>Lumo Stars Figu<\/p>\n<p>N\u00e4r de kalla vindarna b\u00f6rjar bl\u00e5sa i Lappland \u00e4r det dags f\u00f6r mig att flyga iv\u00e4g. Jag har inget emot att det blir lite kallt, men l\u00e4ngst i norr har jag sv\u00e5rt att h\u00e5lla mig varm. Resan s\u00f6derut \u00e4r l\u00e5ng och under vintern saknar jag norrsken. Men&#8230; jag \u00e4r glad att jag \u00e4ven p\u00e5 sommaren kan njuta av n\u00e5got som \u00e4r kallt, och d\u00e5 menar jag glass!<\/p>\n","protected":false},"excerpt":{"rendered":"<p><\/p>\n","protected":false},"featured_media":0,"template":"","meta":{"content-type":"","_monsterinsights_skip_tracking":false,"_monsterinsights_sitenote_active":false,"_monsterinsights_sitenote_note":"","_monsterinsights_sitenote_category":0},"product_brand":[],"product_cat":[1580],"product_tag":[],"brand":[{"id":1018,"name":"Lumo Stars","slug":"lumo-stars-13"}],"target-group":[],"discontinued":[],"class_list":{"0":"post-62773","1":"product","2":"type-product","3":"status-archive","5":"product_cat-figus","6":"brand-lumo-stars-13","8":"first","9":"outofstock","10":"taxable","11":"shipping-taxable","12":"product-type-simple"},"aioseo_notices":[],"_links":{"self":[{"href":"https:\/\/games.tactic.net\/sv\/wp-json\/wp\/v2\/product\/62773","targetHints":{"allow":["GET"]}}],"collection":[{"href":"https:\/\/games.tactic.net\/sv\/wp-json\/wp\/v2\/product"}],"about":[{"href":"https:\/\/games.tactic.net\/sv\/wp-json\/wp\/v2\/types\/product"}],"wp:attachment":[{"href":"https:\/\/games.tactic.net\/sv\/wp-json\/wp\/v2\/media?parent=62773"}],"wp:term":[{"taxonomy":"product_brand","embeddable":true,"href":"https:\/\/games.tactic.net\/sv\/wp-json\/wp\/v2\/product_brand?post=62773"},{"taxonomy":"product_cat","embeddable":true,"href":"https:\/\/games.tactic.net\/sv\/wp-json\/wp\/v2\/product_cat?post=62773"},{"taxonomy":"product_tag","embeddable":true,"href":"https:\/\/games.tactic.net\/sv\/wp-json\/wp\/v2\/product_tag?post=62773"},{"taxonomy":"brand","embeddable":true,"href":"https:\/\/games.tactic.net\/sv\/wp-json\/wp\/v2\/brand?post=62773"},{"taxonomy":"target-group","embeddable":true,"href":"https:\/\/games.tactic.net\/sv\/wp-json\/wp\/v2\/target-group?post=62773"},{"taxonomy":"discontinued","embeddable":true,"href":"https:\/\/games.tactic.net\/sv\/wp-json\/wp\/v2\/discontinued?post=62773"}],"curies":[{"name":"wp","href":"https:\/\/api.w.org\/{rel}","templated":true}]}}