{"id":62772,"date":"2021-02-16T11:28:11","date_gmt":"2021-02-16T09:28:11","guid":{"rendered":"https:\/\/dev.tactic.net\/tuote\/lumo-stars-figu-katti\/"},"modified":"2025-01-22T14:09:23","modified_gmt":"2025-01-22T12:09:23","slug":"lumo-stars-figu-katti","status":"archive","type":"product","link":"https:\/\/games.tactic.net\/sv\/tuote\/lumo-stars-figu-katti\/","title":{"rendered":"Lumo Stars Figu Katti"},"content":{"rendered":"<p>Lumo Stars Figu<\/p>\n<p>Vad \u00e4r det, undrar Repo. Mitt bland Lapplands kullar finns en korg full med smaskiga snacks som djuren \u00e4lskar. Men det finns ingen d\u00e4r &#8211; bara en korg. Smultron, Pupu, Hukka och Repo kikar bakom sn\u00f6drivan. Ingen av dem \u00e4r modig nog att g\u00e5 n\u00e4rmare. Det \u00e4r tyst&#8230; tills Kattis hoppar ut och ropar: &#8221;\u00d6verraskning, \u00f6verraskning! Jag har gjort en picknick till oss! Sn\u00e4lla kom och njut av det med mig.&#8221;<\/p>\n","protected":false},"excerpt":{"rendered":"<p><\/p>\n","protected":false},"featured_media":0,"template":"","meta":{"content-type":"","_monsterinsights_skip_tracking":false,"_monsterinsights_sitenote_active":false,"_monsterinsights_sitenote_note":"","_monsterinsights_sitenote_category":0},"product_brand":[],"product_cat":[1580],"product_tag":[],"brand":[{"id":1018,"name":"Lumo Stars","slug":"lumo-stars-13"}],"target-group":[],"discontinued":[],"class_list":{"0":"post-62772","1":"product","2":"type-product","3":"status-archive","5":"product_cat-figus","6":"brand-lumo-stars-13","8":"first","9":"outofstock","10":"taxable","11":"shipping-taxable","12":"product-type-simple"},"aioseo_notices":[],"_links":{"self":[{"href":"https:\/\/games.tactic.net\/sv\/wp-json\/wp\/v2\/product\/62772","targetHints":{"allow":["GET"]}}],"collection":[{"href":"https:\/\/games.tactic.net\/sv\/wp-json\/wp\/v2\/product"}],"about":[{"href":"https:\/\/games.tactic.net\/sv\/wp-json\/wp\/v2\/types\/product"}],"wp:attachment":[{"href":"https:\/\/games.tactic.net\/sv\/wp-json\/wp\/v2\/media?parent=62772"}],"wp:term":[{"taxonomy":"product_brand","embeddable":true,"href":"https:\/\/games.tactic.net\/sv\/wp-json\/wp\/v2\/product_brand?post=62772"},{"taxonomy":"product_cat","embeddable":true,"href":"https:\/\/games.tactic.net\/sv\/wp-json\/wp\/v2\/product_cat?post=62772"},{"taxonomy":"product_tag","embeddable":true,"href":"https:\/\/games.tactic.net\/sv\/wp-json\/wp\/v2\/product_tag?post=62772"},{"taxonomy":"brand","embeddable":true,"href":"https:\/\/games.tactic.net\/sv\/wp-json\/wp\/v2\/brand?post=62772"},{"taxonomy":"target-group","embeddable":true,"href":"https:\/\/games.tactic.net\/sv\/wp-json\/wp\/v2\/target-group?post=62772"},{"taxonomy":"discontinued","embeddable":true,"href":"https:\/\/games.tactic.net\/sv\/wp-json\/wp\/v2\/discontinued?post=62772"}],"curies":[{"name":"wp","href":"https:\/\/api.w.org\/{rel}","templated":true}]}}