{"id":62770,"date":"2021-02-16T11:28:05","date_gmt":"2021-02-16T09:28:05","guid":{"rendered":"https:\/\/dev.tactic.net\/tuote\/lumo-stars-figu-pupu\/"},"modified":"2025-01-22T14:09:11","modified_gmt":"2025-01-22T12:09:11","slug":"lumo-stars-figu-pupu","status":"archive","type":"product","link":"https:\/\/games.tactic.net\/sv\/tuote\/lumo-stars-figu-pupu\/","title":{"rendered":"Lumo Stars Figu Pupu"},"content":{"rendered":"<p>Lumo Stars Figu<\/p>\n<p>Vem har gjort sp\u00e5ren i sn\u00f6n? V\u00e4nta&#8230; Det \u00e4r Pupu, en liten kanin som hoppar i sn\u00f6n. Pupu k\u00e4nner sig lite ensam och vill hitta n\u00e5gra v\u00e4nner. &#8221;Hej, var \u00e4r ni alla&#8221;, ropar Pupu. Pl\u00f6tsligt kan Pupu se en l\u00e4gereld och djur som blir varma runt den. &#8221;D\u00e4r \u00e4r ni&#8221;, s\u00e4ger Pupu l\u00e4ttat och ska s\u00e4tta sig bredvid dem. L\u00e4gerelden k\u00e4nns varm och avkopplande och Lumo Stars-djuren lyssnar medan ugglan P\u00f6ll\u00f6 ber\u00e4ttar en godnattsaga f\u00f6r dem.<\/p>\n","protected":false},"excerpt":{"rendered":"<p><\/p>\n","protected":false},"featured_media":0,"template":"","meta":{"content-type":"","_monsterinsights_skip_tracking":false,"_monsterinsights_sitenote_active":false,"_monsterinsights_sitenote_note":"","_monsterinsights_sitenote_category":0},"product_brand":[],"product_cat":[1580],"product_tag":[],"brand":[{"id":1018,"name":"Lumo Stars","slug":"lumo-stars-13"}],"target-group":[],"discontinued":[],"class_list":{"0":"post-62770","1":"product","2":"type-product","3":"status-archive","5":"product_cat-figus","6":"brand-lumo-stars-13","8":"first","9":"outofstock","10":"taxable","11":"shipping-taxable","12":"product-type-simple"},"aioseo_notices":[],"_links":{"self":[{"href":"https:\/\/games.tactic.net\/sv\/wp-json\/wp\/v2\/product\/62770","targetHints":{"allow":["GET"]}}],"collection":[{"href":"https:\/\/games.tactic.net\/sv\/wp-json\/wp\/v2\/product"}],"about":[{"href":"https:\/\/games.tactic.net\/sv\/wp-json\/wp\/v2\/types\/product"}],"wp:attachment":[{"href":"https:\/\/games.tactic.net\/sv\/wp-json\/wp\/v2\/media?parent=62770"}],"wp:term":[{"taxonomy":"product_brand","embeddable":true,"href":"https:\/\/games.tactic.net\/sv\/wp-json\/wp\/v2\/product_brand?post=62770"},{"taxonomy":"product_cat","embeddable":true,"href":"https:\/\/games.tactic.net\/sv\/wp-json\/wp\/v2\/product_cat?post=62770"},{"taxonomy":"product_tag","embeddable":true,"href":"https:\/\/games.tactic.net\/sv\/wp-json\/wp\/v2\/product_tag?post=62770"},{"taxonomy":"brand","embeddable":true,"href":"https:\/\/games.tactic.net\/sv\/wp-json\/wp\/v2\/brand?post=62770"},{"taxonomy":"target-group","embeddable":true,"href":"https:\/\/games.tactic.net\/sv\/wp-json\/wp\/v2\/target-group?post=62770"},{"taxonomy":"discontinued","embeddable":true,"href":"https:\/\/games.tactic.net\/sv\/wp-json\/wp\/v2\/discontinued?post=62770"}],"curies":[{"name":"wp","href":"https:\/\/api.w.org\/{rel}","templated":true}]}}