{"id":62769,"date":"2021-02-16T11:28:02","date_gmt":"2021-02-16T09:28:02","guid":{"rendered":"https:\/\/dev.tactic.net\/tuote\/teddy-bear-bingo\/"},"modified":"2022-01-10T15:35:31","modified_gmt":"2022-01-10T13:35:31","slug":"teddy-bear-bingo","status":"publish","type":"product","link":"https:\/\/games.tactic.net\/sv\/tuote\/teddy-bear-bingo\/","title":{"rendered":"Teddy Bear Bingo"},"content":{"rendered":"<p>Anv\u00e4nd den elektroniska nallesnurran och f\u00f6rs\u00f6k som f\u00f6rsta spelare f\u00e5 tre nallebrickor i rad! Den som f\u00f6rst lyckas med det vinner!<\/p>\n","protected":false},"excerpt":{"rendered":"<p>Anv\u00e4nd den elektroniska nallesnurran och f\u00f6rs\u00f6k som f\u00f6rsta spelare f\u00e5 tre nallebrickor i rad! Den som f\u00f6rst lyckas med det vinner!<\/p>\n","protected":false},"featured_media":0,"template":"","meta":{"content-type":"","_monsterinsights_skip_tracking":false,"_monsterinsights_sitenote_active":false,"_monsterinsights_sitenote_note":"","_monsterinsights_sitenote_category":0},"product_brand":[],"product_cat":[1532],"product_tag":[857],"brand":[],"target-group":[],"discontinued":[],"class_list":{"0":"post-62769","1":"product","2":"type-product","3":"status-publish","5":"product_cat-resespel-barnspel","6":"product_tag-tur","8":"first","9":"instock","10":"taxable","11":"shipping-taxable","12":"product-type-simple"},"aioseo_notices":[],"_links":{"self":[{"href":"https:\/\/games.tactic.net\/sv\/wp-json\/wp\/v2\/product\/62769","targetHints":{"allow":["GET"]}}],"collection":[{"href":"https:\/\/games.tactic.net\/sv\/wp-json\/wp\/v2\/product"}],"about":[{"href":"https:\/\/games.tactic.net\/sv\/wp-json\/wp\/v2\/types\/product"}],"wp:attachment":[{"href":"https:\/\/games.tactic.net\/sv\/wp-json\/wp\/v2\/media?parent=62769"}],"wp:term":[{"taxonomy":"product_brand","embeddable":true,"href":"https:\/\/games.tactic.net\/sv\/wp-json\/wp\/v2\/product_brand?post=62769"},{"taxonomy":"product_cat","embeddable":true,"href":"https:\/\/games.tactic.net\/sv\/wp-json\/wp\/v2\/product_cat?post=62769"},{"taxonomy":"product_tag","embeddable":true,"href":"https:\/\/games.tactic.net\/sv\/wp-json\/wp\/v2\/product_tag?post=62769"},{"taxonomy":"brand","embeddable":true,"href":"https:\/\/games.tactic.net\/sv\/wp-json\/wp\/v2\/brand?post=62769"},{"taxonomy":"target-group","embeddable":true,"href":"https:\/\/games.tactic.net\/sv\/wp-json\/wp\/v2\/target-group?post=62769"},{"taxonomy":"discontinued","embeddable":true,"href":"https:\/\/games.tactic.net\/sv\/wp-json\/wp\/v2\/discontinued?post=62769"}],"curies":[{"name":"wp","href":"https:\/\/api.w.org\/{rel}","templated":true}]}}