{"id":627684,"date":"2022-09-21T07:46:42","date_gmt":"2022-09-21T04:46:42","guid":{"rendered":"http:\/\/games.tactic.net\/tuote\/jakten-pa-guldpengarna\/"},"modified":"2023-02-01T08:54:14","modified_gmt":"2023-02-01T06:54:14","slug":"jakten-pa-guldpengarna","status":"publish","type":"product","link":"https:\/\/games.tactic.net\/sv\/tuote\/jakten-pa-guldpengarna\/","title":{"rendered":"Tactic Jakten p\u00e5 guldpengarna"},"content":{"rendered":"<p>Hitta skatten innan kaptenen hittar dig! En piratkapten har samlat en stor skatt och de h\u00e4r irriterande aporna vill ha den! Flytta runt p\u00e5 spelbr\u00e4det, ta dig till kaptenens g\u00f6mst\u00e4lle och stj\u00e4l s\u00e5 m\u00e5nga mynt du kan. Men var f\u00f6rsiktig, f\u00f6r kaptenen vill inte dela med sig! Ett spel som kan spelas direkt i l\u00e5dan! Reglerna \u00e4r l\u00e4tta att l\u00e4ra sig och roliga att spela. Ett barnspel fyllt av sp\u00e4nning!<\/p>\n","protected":false},"excerpt":{"rendered":"<p>Hitta skatten innan kaptenen hittar dig! En piratkapten har samlat en stor skatt och de h\u00e4r irriterande aporna vill ha den! Flytta runt p\u00e5 spelbr\u00e4det, ta dig till kaptenens g\u00f6mst\u00e4lle och stj\u00e4l s\u00e5 m\u00e5nga mynt du kan. Men var f\u00f6rsiktig, f\u00f6r kaptenen vill inte dela med sig! Ett spel som kan spelas direkt i l\u00e5dan! [&hellip;]<\/p>\n","protected":false},"featured_media":0,"template":"","meta":{"content-type":"","_monsterinsights_skip_tracking":false,"_monsterinsights_sitenote_active":false,"_monsterinsights_sitenote_note":"","_monsterinsights_sitenote_category":0},"product_brand":[],"product_cat":[1462],"product_tag":[932],"brand":[],"target-group":[],"discontinued":[],"class_list":{"0":"post-627684","1":"product","2":"type-product","3":"status-publish","5":"product_cat-bradspel-barnspel","6":"product_tag-tidsfordriv","8":"first","9":"instock","10":"taxable","11":"shipping-taxable","12":"product-type-simple"},"aioseo_notices":[],"_links":{"self":[{"href":"https:\/\/games.tactic.net\/sv\/wp-json\/wp\/v2\/product\/627684","targetHints":{"allow":["GET"]}}],"collection":[{"href":"https:\/\/games.tactic.net\/sv\/wp-json\/wp\/v2\/product"}],"about":[{"href":"https:\/\/games.tactic.net\/sv\/wp-json\/wp\/v2\/types\/product"}],"wp:attachment":[{"href":"https:\/\/games.tactic.net\/sv\/wp-json\/wp\/v2\/media?parent=627684"}],"wp:term":[{"taxonomy":"product_brand","embeddable":true,"href":"https:\/\/games.tactic.net\/sv\/wp-json\/wp\/v2\/product_brand?post=627684"},{"taxonomy":"product_cat","embeddable":true,"href":"https:\/\/games.tactic.net\/sv\/wp-json\/wp\/v2\/product_cat?post=627684"},{"taxonomy":"product_tag","embeddable":true,"href":"https:\/\/games.tactic.net\/sv\/wp-json\/wp\/v2\/product_tag?post=627684"},{"taxonomy":"brand","embeddable":true,"href":"https:\/\/games.tactic.net\/sv\/wp-json\/wp\/v2\/brand?post=627684"},{"taxonomy":"target-group","embeddable":true,"href":"https:\/\/games.tactic.net\/sv\/wp-json\/wp\/v2\/target-group?post=627684"},{"taxonomy":"discontinued","embeddable":true,"href":"https:\/\/games.tactic.net\/sv\/wp-json\/wp\/v2\/discontinued?post=627684"}],"curies":[{"name":"wp","href":"https:\/\/api.w.org\/{rel}","templated":true}]}}