{"id":62719,"date":"2019-11-09T01:51:32","date_gmt":"2021-02-16T09:27:33","guid":{"rendered":"https:\/\/dev.tactic.net\/tuote\/larsen-santa-in-nordic-light-maxi\/"},"modified":"2023-10-19T16:27:00","modified_gmt":"2023-10-19T13:27:00","slug":"larsen-santa-in-nordic-light-maxi","status":"publish","type":"product","link":"https:\/\/games.tactic.net\/sv\/tuote\/larsen-santa-in-nordic-light-maxi\/","title":{"rendered":"Larsen Maxi Santa in Nordic Light 26 pcs pussel"},"content":{"rendered":"<p>Larsen Maxi Tomten i norrsken 26 bitar pussel 36,5 x 28,5 cm. Detta livfulla och st\u00e4mningsfulla pussel visar tomten i sin sl\u00e4de med sina renar p\u00e5 julafton. Tomtens r\u00f6da och gyllene sl\u00e4de \u00e4r fylld med leksaker till alla sn\u00e4lla barn och han vinkar farv\u00e4l till sina sm\u00e5 hj\u00e4lpare. Han flyger \u00f6ver husen i Lappland som \u00e4r t\u00e4ckta av mjuk vit sn\u00f6 medan norrskenet lyser upp himlen. Pusslet best\u00e5r av 26 st\u00f6rre bitar och passar perfekt f\u00f6r sm\u00e5 h\u00e4nder. N\u00e5gra av bitarna \u00e4r noggrant utformade som en julgran, tomtens s\u00e4ck, en sn\u00f6gubbe, en stj\u00e4rna, en sl\u00e4de, en julstrumpa och tre separata bitar som tillsammans bildar tomten sj\u00e4lv.<\/p>\n<p>Larsen Maxi \u00e4r en h\u00f6gkvalitativ pusselserie f\u00f6r barn som kombinerar l\u00e4rande och lek. F\u00e4rgstarka illustrationer och stadiga rambitar g\u00f6r pusslen enkla och roliga att l\u00e4gga. Larsen Maxi-pussel \u00e4r idealiska f\u00f6r yngre barn och hj\u00e4lper till att utveckla finmotorik och koncentration.<\/p>\n<p>Larsen tillverkar h\u00f6gkvalitativa pedagogiska pussel som \u00e4r utformade f\u00f6r att st\u00f6dja l\u00e4rande genom lek. Detta norska familjef\u00f6retag har varit verksamt sedan 1953, och alla pussel tillverkas i Norge. Sortimentet omfattar m\u00e5nga olika teman som djur, kartor, fordon, rymden och natur. Tydliga illustrationer och h\u00e5llbara bitar g\u00f6r Larsen-pussel till ett utm\u00e4rkt val f\u00f6r barn.<\/p>\n","protected":false},"excerpt":{"rendered":"<p>Larsen Maxi Tomten i norrsken 26 bitars pussel 36,5 x 28,5 cm visar tomten under norrsken. Barnpussel som st\u00f6djer fantasi.<\/p>\n","protected":false},"featured_media":0,"template":"","meta":{"content-type":"","_monsterinsights_skip_tracking":false,"_monsterinsights_sitenote_active":false,"_monsterinsights_sitenote_note":"","_monsterinsights_sitenote_category":0},"product_brand":[],"product_cat":[1520],"product_tag":[1235,932,845],"brand":[],"target-group":[],"discontinued":[],"class_list":{"0":"post-62719","1":"product","2":"type-product","3":"status-publish","5":"product_cat-barn-pussel","6":"product_tag-kombinera-sv","7":"product_tag-tidsfordriv","8":"product_tag-tillsammans","10":"first","11":"instock","12":"taxable","13":"shipping-taxable","14":"product-type-simple"},"aioseo_notices":[],"_links":{"self":[{"href":"https:\/\/games.tactic.net\/sv\/wp-json\/wp\/v2\/product\/62719","targetHints":{"allow":["GET"]}}],"collection":[{"href":"https:\/\/games.tactic.net\/sv\/wp-json\/wp\/v2\/product"}],"about":[{"href":"https:\/\/games.tactic.net\/sv\/wp-json\/wp\/v2\/types\/product"}],"wp:attachment":[{"href":"https:\/\/games.tactic.net\/sv\/wp-json\/wp\/v2\/media?parent=62719"}],"wp:term":[{"taxonomy":"product_brand","embeddable":true,"href":"https:\/\/games.tactic.net\/sv\/wp-json\/wp\/v2\/product_brand?post=62719"},{"taxonomy":"product_cat","embeddable":true,"href":"https:\/\/games.tactic.net\/sv\/wp-json\/wp\/v2\/product_cat?post=62719"},{"taxonomy":"product_tag","embeddable":true,"href":"https:\/\/games.tactic.net\/sv\/wp-json\/wp\/v2\/product_tag?post=62719"},{"taxonomy":"brand","embeddable":true,"href":"https:\/\/games.tactic.net\/sv\/wp-json\/wp\/v2\/brand?post=62719"},{"taxonomy":"target-group","embeddable":true,"href":"https:\/\/games.tactic.net\/sv\/wp-json\/wp\/v2\/target-group?post=62719"},{"taxonomy":"discontinued","embeddable":true,"href":"https:\/\/games.tactic.net\/sv\/wp-json\/wp\/v2\/discontinued?post=62719"}],"curies":[{"name":"wp","href":"https:\/\/api.w.org\/{rel}","templated":true}]}}