{"id":62643,"date":"2019-11-09T01:48:33","date_gmt":"2021-02-16T09:27:13","guid":{"rendered":"https:\/\/dev.tactic.net\/tuote\/larsen-ren-maxi\/"},"modified":"2023-10-19T16:25:34","modified_gmt":"2023-10-19T13:25:34","slug":"larsen-ren-maxi","status":"publish","type":"product","link":"https:\/\/games.tactic.net\/sv\/tuote\/larsen-ren-maxi\/","title":{"rendered":"Larsen Maxi Ren 60 pcs pussel"},"content":{"rendered":"<p>Larsen Maxi Renar 60 bitar pussel 28,5 x 36,5 cm. Under denna kalla h\u00f6stdag njuter dessa arktiska djur av naturen under norrskenet i en isig vinterskog. Kan du hj\u00e4lpa renen Rudolph att st\u00e5 stolt och rak? Detta dekorativa pussel visar en ren under det vackra gr\u00f6na norrskenet. Omgiven av andra renar, fj\u00e4llharar, en sidensvans, en gr\u00e5 uggla och en alf\u00e5gel. Under norrskenet reser sig ett isbekl\u00e4tt berg \u00f6ver ett landskap fyllt av h\u00f6stl\u00f6v och tr\u00e4d. Pusslet best\u00e5r av 60 bitar och passar b\u00e4st f\u00f6r \u00e4ldre barn. N\u00e5gra bitar \u00e4r formade som en bil, ett drottninghuvud, en korv och ett tr\u00e4d. Barn f\u00e5r inte bara ett dekorativt pussel utan l\u00e4r sig ocks\u00e5 om olika djur.      <\/p>\n<p>Larsen Maxi \u00e4r en h\u00f6gkvalitativ pusselserie f\u00f6r barn som kombinerar l\u00e4rande och lek. F\u00e4rgstarka illustrationer och stadiga rambitar g\u00f6r pusslen enkla och roliga att l\u00e4gga. Larsen Maxi-pussel \u00e4r idealiska f\u00f6r yngre barn och hj\u00e4lper till att utveckla finmotorik och koncentration.<\/p>\n<p>Larsen tillverkar h\u00f6gkvalitativa pedagogiska pussel som \u00e4r utformade f\u00f6r att st\u00f6dja l\u00e4rande genom lek. Detta norska familjef\u00f6retag har varit verksamt sedan 1953, och alla pussel tillverkas i Norge. Sortimentet omfattar m\u00e5nga olika teman som djur, kartor, fordon, rymden och natur. Tydliga illustrationer och h\u00e5llbara bitar g\u00f6r Larsen-pussel till ett utm\u00e4rkt val f\u00f6r barn.<\/p>\n","protected":false},"excerpt":{"rendered":"<p>Larsen Maxi Renar 60 bitars pussel 28,5 x 36,5 cm visar arktiska djur under norrsken. Pedagogiskt pussel som st\u00f6djer naturkunskap och observation.<\/p>\n","protected":false},"featured_media":0,"template":"","meta":{"content-type":"","_monsterinsights_skip_tracking":false,"_monsterinsights_sitenote_active":false,"_monsterinsights_sitenote_note":"","_monsterinsights_sitenote_category":0},"product_brand":[],"product_cat":[1520],"product_tag":[347,932,845],"brand":[],"target-group":[],"discontinued":[],"class_list":{"0":"post-62643","1":"product","2":"type-product","3":"status-publish","5":"product_cat-barn-pussel","6":"product_tag-kombinera","7":"product_tag-tidsfordriv","8":"product_tag-tillsammans","10":"first","11":"instock","12":"taxable","13":"shipping-taxable","14":"product-type-simple"},"aioseo_notices":[],"_links":{"self":[{"href":"https:\/\/games.tactic.net\/sv\/wp-json\/wp\/v2\/product\/62643","targetHints":{"allow":["GET"]}}],"collection":[{"href":"https:\/\/games.tactic.net\/sv\/wp-json\/wp\/v2\/product"}],"about":[{"href":"https:\/\/games.tactic.net\/sv\/wp-json\/wp\/v2\/types\/product"}],"wp:attachment":[{"href":"https:\/\/games.tactic.net\/sv\/wp-json\/wp\/v2\/media?parent=62643"}],"wp:term":[{"taxonomy":"product_brand","embeddable":true,"href":"https:\/\/games.tactic.net\/sv\/wp-json\/wp\/v2\/product_brand?post=62643"},{"taxonomy":"product_cat","embeddable":true,"href":"https:\/\/games.tactic.net\/sv\/wp-json\/wp\/v2\/product_cat?post=62643"},{"taxonomy":"product_tag","embeddable":true,"href":"https:\/\/games.tactic.net\/sv\/wp-json\/wp\/v2\/product_tag?post=62643"},{"taxonomy":"brand","embeddable":true,"href":"https:\/\/games.tactic.net\/sv\/wp-json\/wp\/v2\/brand?post=62643"},{"taxonomy":"target-group","embeddable":true,"href":"https:\/\/games.tactic.net\/sv\/wp-json\/wp\/v2\/target-group?post=62643"},{"taxonomy":"discontinued","embeddable":true,"href":"https:\/\/games.tactic.net\/sv\/wp-json\/wp\/v2\/discontinued?post=62643"}],"curies":[{"name":"wp","href":"https:\/\/api.w.org\/{rel}","templated":true}]}}