{"id":62642,"date":"2021-02-16T11:27:10","date_gmt":"2021-02-16T09:27:10","guid":{"rendered":"https:\/\/dev.tactic.net\/tuote\/larsen-santas-workshop-maxi\/"},"modified":"2023-10-19T16:27:47","modified_gmt":"2023-10-19T13:27:47","slug":"larsen-santas-workshop-maxi","status":"publish","type":"product","link":"https:\/\/games.tactic.net\/sv\/tuote\/larsen-santas-workshop-maxi\/","title":{"rendered":"Larsen Maxi Santa\u00b4s Workshop 140 pcs pussel"},"content":{"rendered":"<p>Larsen Maxi Tomtens verkstad 140 bitar pussel 36,5 x 28,5 cm. Tomten arbetar h\u00e5rt i sin mysiga verkstad idag. Han \u00e4r upptagen med att tillverka leksaker till barn \u00f6ver hela v\u00e4rlden. Hans tomtenissar och skogsdjur hj\u00e4lper ocks\u00e5 till. Ett tr\u00e4t\u00e5g f\u00e5ngar tomtens uppm\u00e4rksamhet medan m\u00f6ss springer runt hans f\u00f6tter. En tomtenisse lastar in inslagna leksaker i tomtens s\u00e4ck. Se upp, tomten \u2013 en leksak verkar sk\u00e4ra i din arbetsb\u00e4nk! Tomtens hund och katt tittar p\u00e5 medan en tomtenisse flyger \u00f6ver huvudet i en leksakshelikopter. Med allt detta som h\u00e4nder omkring honom \u2013 hur hinner tomten med allt sitt arbete?<\/p>\n<p>Larsen Maxi \u00e4r en h\u00f6gkvalitativ pusselserie f\u00f6r barn som kombinerar l\u00e4rande och lek. F\u00e4rgstarka illustrationer och stadiga rambitar g\u00f6r pusslen enkla och roliga att l\u00e4gga. Larsen Maxi-pussel \u00e4r idealiska f\u00f6r yngre barn och hj\u00e4lper till att utveckla finmotorik och koncentration.<\/p>\n<p>Larsen tillverkar h\u00f6gkvalitativa pedagogiska pussel som \u00e4r utformade f\u00f6r att st\u00f6dja l\u00e4rande genom lek. Detta norska familjef\u00f6retag har varit verksamt sedan 1953, och alla pussel tillverkas i Norge. Sortimentet omfattar m\u00e5nga olika teman som djur, kartor, fordon, rymden och natur. Tydliga illustrationer och h\u00e5llbara bitar g\u00f6r Larsen-pussel till ett utm\u00e4rkt val f\u00f6r barn.<\/p>\n","protected":false},"excerpt":{"rendered":"<p>Larsen Maxi Tomtens verkstad 140 bitars pussel 36,5 x 28,5 cm visar tomten och nissar som tillverkar leksaker. Barnpussel som st\u00f6djer fantasi och observation.<\/p>\n","protected":false},"featured_media":0,"template":"","meta":{"content-type":"","_monsterinsights_skip_tracking":false,"_monsterinsights_sitenote_active":false,"_monsterinsights_sitenote_note":"","_monsterinsights_sitenote_category":0},"product_brand":[],"product_cat":[1520],"product_tag":[1235,932,845],"brand":[],"target-group":[],"discontinued":[],"class_list":{"0":"post-62642","1":"product","2":"type-product","3":"status-publish","5":"product_cat-barn-pussel","6":"product_tag-kombinera-sv","7":"product_tag-tidsfordriv","8":"product_tag-tillsammans","10":"first","11":"instock","12":"taxable","13":"shipping-taxable","14":"product-type-simple"},"aioseo_notices":[],"_links":{"self":[{"href":"https:\/\/games.tactic.net\/sv\/wp-json\/wp\/v2\/product\/62642","targetHints":{"allow":["GET"]}}],"collection":[{"href":"https:\/\/games.tactic.net\/sv\/wp-json\/wp\/v2\/product"}],"about":[{"href":"https:\/\/games.tactic.net\/sv\/wp-json\/wp\/v2\/types\/product"}],"wp:attachment":[{"href":"https:\/\/games.tactic.net\/sv\/wp-json\/wp\/v2\/media?parent=62642"}],"wp:term":[{"taxonomy":"product_brand","embeddable":true,"href":"https:\/\/games.tactic.net\/sv\/wp-json\/wp\/v2\/product_brand?post=62642"},{"taxonomy":"product_cat","embeddable":true,"href":"https:\/\/games.tactic.net\/sv\/wp-json\/wp\/v2\/product_cat?post=62642"},{"taxonomy":"product_tag","embeddable":true,"href":"https:\/\/games.tactic.net\/sv\/wp-json\/wp\/v2\/product_tag?post=62642"},{"taxonomy":"brand","embeddable":true,"href":"https:\/\/games.tactic.net\/sv\/wp-json\/wp\/v2\/brand?post=62642"},{"taxonomy":"target-group","embeddable":true,"href":"https:\/\/games.tactic.net\/sv\/wp-json\/wp\/v2\/target-group?post=62642"},{"taxonomy":"discontinued","embeddable":true,"href":"https:\/\/games.tactic.net\/sv\/wp-json\/wp\/v2\/discontinued?post=62642"}],"curies":[{"name":"wp","href":"https:\/\/api.w.org\/{rel}","templated":true}]}}