{"id":62632,"date":"2021-02-16T11:26:37","date_gmt":"2021-02-16T09:26:37","guid":{"rendered":"https:\/\/dev.tactic.net\/tuote\/panda-stars-mom-big\/"},"modified":"2022-10-20T10:15:01","modified_gmt":"2022-10-20T07:15:01","slug":"panda-stars-mom-big","status":"archive","type":"product","link":"https:\/\/games.tactic.net\/sv\/tuote\/panda-stars-mom-big\/","title":{"rendered":"Pandan Mom &#8211; Big"},"content":{"rendered":"<p><font face=\"times new roman\">Big 24 cm.<\/font><\/p>\n<div><font face=\"times new roman\"><br \/>Samlingsbar baby mjukdjur. Glad, krambar, v\u00e4nlig, sn\u00e4ll och s\u00f6t. Vi ler mer! S\u00f6t Northern Brights mjukdjurskollektion baseras p\u00e5 den verkliga nordiska naturen och vilda djur. Finsk design.<\/font><\/div>\n<\/p>\n<p>&#8221;Hej, alla mina sm\u00e5 v\u00e4nner! L\u00e5t oss ta hand om varandra.&#8221;<\/p>\n<div><font face=\"times new roman\"><i><\/i><\/font><\/div>\n","protected":false},"excerpt":{"rendered":"<p><font face=\"times new roman\">Big 24 cm.<\/font><\/p>\n","protected":false},"featured_media":0,"template":"","meta":{"content-type":"","_monsterinsights_skip_tracking":false,"_monsterinsights_sitenote_active":false,"_monsterinsights_sitenote_note":"","_monsterinsights_sitenote_category":0},"product_brand":[],"product_cat":[1566],"product_tag":[],"brand":[{"id":1018,"name":"Lumo Stars","slug":"lumo-stars-13"}],"target-group":[],"discontinued":[],"class_list":{"0":"post-62632","1":"product","2":"type-product","3":"status-archive","5":"product_cat-big-gosedjur-lumo-stars-5","6":"brand-lumo-stars-13","8":"first","9":"outofstock","10":"taxable","11":"shipping-taxable","12":"product-type-simple"},"aioseo_notices":[],"_links":{"self":[{"href":"https:\/\/games.tactic.net\/sv\/wp-json\/wp\/v2\/product\/62632","targetHints":{"allow":["GET"]}}],"collection":[{"href":"https:\/\/games.tactic.net\/sv\/wp-json\/wp\/v2\/product"}],"about":[{"href":"https:\/\/games.tactic.net\/sv\/wp-json\/wp\/v2\/types\/product"}],"wp:attachment":[{"href":"https:\/\/games.tactic.net\/sv\/wp-json\/wp\/v2\/media?parent=62632"}],"wp:term":[{"taxonomy":"product_brand","embeddable":true,"href":"https:\/\/games.tactic.net\/sv\/wp-json\/wp\/v2\/product_brand?post=62632"},{"taxonomy":"product_cat","embeddable":true,"href":"https:\/\/games.tactic.net\/sv\/wp-json\/wp\/v2\/product_cat?post=62632"},{"taxonomy":"product_tag","embeddable":true,"href":"https:\/\/games.tactic.net\/sv\/wp-json\/wp\/v2\/product_tag?post=62632"},{"taxonomy":"brand","embeddable":true,"href":"https:\/\/games.tactic.net\/sv\/wp-json\/wp\/v2\/brand?post=62632"},{"taxonomy":"target-group","embeddable":true,"href":"https:\/\/games.tactic.net\/sv\/wp-json\/wp\/v2\/target-group?post=62632"},{"taxonomy":"discontinued","embeddable":true,"href":"https:\/\/games.tactic.net\/sv\/wp-json\/wp\/v2\/discontinued?post=62632"}],"curies":[{"name":"wp","href":"https:\/\/api.w.org\/{rel}","templated":true}]}}