{"id":62630,"date":"2021-02-16T11:26:30","date_gmt":"2021-02-16T09:26:30","guid":{"rendered":"https:\/\/dev.tactic.net\/tuote\/tabletop-table-air-hockey-2in1\/"},"modified":"2022-10-04T09:21:15","modified_gmt":"2022-10-04T06:21:15","slug":"tabletop-table-air-hockey-2in1","status":"archive","type":"product","link":"https:\/\/games.tactic.net\/sv\/tuote\/tabletop-table-air-hockey-2in1\/","title":{"rendered":"Tabletop  Table Air Hockey 2in1"},"content":{"rendered":"<p>Inga verktyg kr\u00e4vs. Snabb montering och f\u00f6rvaring. Maximal h\u00e5llbarhet och stabilitet. L\u00f6stagbara ben av st\u00e5l. Inkluderar: Hockeyspel i tr\u00e4 med batteridriven fl\u00e4kt, 2 pusher, 2 puckar. Kr\u00e4ver 8x &#8221;AA&#8221;-batterier, medf\u00f6ljer ej.<\/p>\n<div><\/div>\n<div>46 x 82 cm x 62,7 cm.<\/div>\n","protected":false},"excerpt":{"rendered":"<p>Inga verktyg kr\u00e4vs. Snabb montering och f\u00f6rvaring. Maximal h\u00e5llbarhet och stabilitet. L\u00f6stagbara ben av st\u00e5l. Inkluderar: Hockeyspel i tr\u00e4 med batteridriven fl\u00e4kt, 2 pusher, 2 puckar. Kr\u00e4ver 8x &#8221;AA&#8221;-batterier, medf\u00f6ljer ej.<\/p>\n<div><\/div>\n","protected":false},"featured_media":0,"template":"","meta":{"content-type":"","_monsterinsights_skip_tracking":false,"_monsterinsights_sitenote_active":false,"_monsterinsights_sitenote_note":"","_monsterinsights_sitenote_category":0},"product_brand":[],"product_cat":[726],"product_tag":[1220],"brand":[],"target-group":[],"discontinued":[],"class_list":{"0":"post-62630","1":"product","2":"type-product","3":"status-archive","5":"product_cat-leksaker","6":"product_tag-aktion-sv","8":"first","9":"instock","10":"taxable","11":"shipping-taxable","12":"product-type-simple"},"aioseo_notices":[],"_links":{"self":[{"href":"https:\/\/games.tactic.net\/sv\/wp-json\/wp\/v2\/product\/62630","targetHints":{"allow":["GET"]}}],"collection":[{"href":"https:\/\/games.tactic.net\/sv\/wp-json\/wp\/v2\/product"}],"about":[{"href":"https:\/\/games.tactic.net\/sv\/wp-json\/wp\/v2\/types\/product"}],"wp:attachment":[{"href":"https:\/\/games.tactic.net\/sv\/wp-json\/wp\/v2\/media?parent=62630"}],"wp:term":[{"taxonomy":"product_brand","embeddable":true,"href":"https:\/\/games.tactic.net\/sv\/wp-json\/wp\/v2\/product_brand?post=62630"},{"taxonomy":"product_cat","embeddable":true,"href":"https:\/\/games.tactic.net\/sv\/wp-json\/wp\/v2\/product_cat?post=62630"},{"taxonomy":"product_tag","embeddable":true,"href":"https:\/\/games.tactic.net\/sv\/wp-json\/wp\/v2\/product_tag?post=62630"},{"taxonomy":"brand","embeddable":true,"href":"https:\/\/games.tactic.net\/sv\/wp-json\/wp\/v2\/brand?post=62630"},{"taxonomy":"target-group","embeddable":true,"href":"https:\/\/games.tactic.net\/sv\/wp-json\/wp\/v2\/target-group?post=62630"},{"taxonomy":"discontinued","embeddable":true,"href":"https:\/\/games.tactic.net\/sv\/wp-json\/wp\/v2\/discontinued?post=62630"}],"curies":[{"name":"wp","href":"https:\/\/api.w.org\/{rel}","templated":true}]}}