{"id":62629,"date":"2021-02-16T11:26:27","date_gmt":"2021-02-16T09:26:27","guid":{"rendered":"https:\/\/dev.tactic.net\/tuote\/3d-puzzle-st-basils-cathedral\/"},"modified":"2024-03-26T08:39:33","modified_gmt":"2024-03-26T06:39:33","slug":"3d-puzzle-st-basils-cathedral","status":"archive","type":"product","link":"https:\/\/games.tactic.net\/sv\/tuote\/3d-puzzle-st-basils-cathedral\/","title":{"rendered":"3D Puzzle St. Basil\u00b4s Cathedral"},"content":{"rendered":"<p>Delarna \u00e4r l\u00e4tta att s\u00e4tt\u00e4 ihop med varandra. Inget lim, ingen sax&#8230; 160 pusselbitar. 41 x 32 x 54 cm. Monteringstid: 4h+. Inneh\u00e5ller instruktioner.<\/p>\n","protected":false},"excerpt":{"rendered":"<p>Delarna \u00e4r l\u00e4tta att s\u00e4tt\u00e4 ihop med varandra. Inget lim, ingen sax&#8230; 160 pusselbitar. 41 x 32 x 54 cm. Monteringstid: 4h+. Inneh\u00e5ller instruktioner.<\/p>\n","protected":false},"featured_media":0,"template":"","meta":{"content-type":"","_monsterinsights_skip_tracking":false,"_monsterinsights_sitenote_active":false,"_monsterinsights_sitenote_note":"","_monsterinsights_sitenote_category":0},"product_brand":[],"product_cat":[2087,682],"product_tag":[],"brand":[],"target-group":[],"discontinued":[],"class_list":{"0":"post-62629","1":"product","2":"type-product","3":"status-archive","5":"product_cat-outlet-3","6":"product_cat-pussel","8":"first","9":"outofstock","10":"sale","11":"taxable","12":"shipping-taxable","13":"product-type-simple"},"aioseo_notices":[],"_links":{"self":[{"href":"https:\/\/games.tactic.net\/sv\/wp-json\/wp\/v2\/product\/62629","targetHints":{"allow":["GET"]}}],"collection":[{"href":"https:\/\/games.tactic.net\/sv\/wp-json\/wp\/v2\/product"}],"about":[{"href":"https:\/\/games.tactic.net\/sv\/wp-json\/wp\/v2\/types\/product"}],"wp:attachment":[{"href":"https:\/\/games.tactic.net\/sv\/wp-json\/wp\/v2\/media?parent=62629"}],"wp:term":[{"taxonomy":"product_brand","embeddable":true,"href":"https:\/\/games.tactic.net\/sv\/wp-json\/wp\/v2\/product_brand?post=62629"},{"taxonomy":"product_cat","embeddable":true,"href":"https:\/\/games.tactic.net\/sv\/wp-json\/wp\/v2\/product_cat?post=62629"},{"taxonomy":"product_tag","embeddable":true,"href":"https:\/\/games.tactic.net\/sv\/wp-json\/wp\/v2\/product_tag?post=62629"},{"taxonomy":"brand","embeddable":true,"href":"https:\/\/games.tactic.net\/sv\/wp-json\/wp\/v2\/brand?post=62629"},{"taxonomy":"target-group","embeddable":true,"href":"https:\/\/games.tactic.net\/sv\/wp-json\/wp\/v2\/target-group?post=62629"},{"taxonomy":"discontinued","embeddable":true,"href":"https:\/\/games.tactic.net\/sv\/wp-json\/wp\/v2\/discontinued?post=62629"}],"curies":[{"name":"wp","href":"https:\/\/api.w.org\/{rel}","templated":true}]}}