{"id":62625,"date":"2021-02-16T11:26:13","date_gmt":"2021-02-16T09:26:13","guid":{"rendered":"https:\/\/dev.tactic.net\/tuote\/3d-puzzle-neuschwanstein-castle\/"},"modified":"2024-03-26T08:39:28","modified_gmt":"2024-03-26T06:39:28","slug":"3d-puzzle-neuschwanstein-castle","status":"archive","type":"product","link":"https:\/\/games.tactic.net\/sv\/tuote\/3d-puzzle-neuschwanstein-castle\/","title":{"rendered":"3D Puzzle Neuschwanstein Castle"},"content":{"rendered":"<p>Delarna \u00e4r l\u00e4tta att s\u00e4tt\u00e4 ihop med varandra. Inget lim, ingen sax&#8230; 121 pusselbitar. 44 x 34 x 19 cm. Monteringstid: 3h+. Inneh\u00e5ller instruktioner.<\/p>\n","protected":false},"excerpt":{"rendered":"<p>Delarna \u00e4r l\u00e4tta att s\u00e4tt\u00e4 ihop med varandra. Inget lim, ingen sax&#8230; 121 pusselbitar. 44 x 34 x 19 cm. Monteringstid: 3h+. Inneh\u00e5ller instruktioner.<\/p>\n","protected":false},"featured_media":0,"template":"","meta":{"content-type":"","_monsterinsights_skip_tracking":false,"_monsterinsights_sitenote_active":false,"_monsterinsights_sitenote_note":"","_monsterinsights_sitenote_category":0},"product_brand":[],"product_cat":[2087,682],"product_tag":[],"brand":[],"target-group":[],"discontinued":[],"class_list":{"0":"post-62625","1":"product","2":"type-product","3":"status-archive","5":"product_cat-outlet-3","6":"product_cat-pussel","8":"first","9":"outofstock","10":"sale","11":"taxable","12":"shipping-taxable","13":"product-type-simple"},"aioseo_notices":[],"_links":{"self":[{"href":"https:\/\/games.tactic.net\/sv\/wp-json\/wp\/v2\/product\/62625","targetHints":{"allow":["GET"]}}],"collection":[{"href":"https:\/\/games.tactic.net\/sv\/wp-json\/wp\/v2\/product"}],"about":[{"href":"https:\/\/games.tactic.net\/sv\/wp-json\/wp\/v2\/types\/product"}],"wp:attachment":[{"href":"https:\/\/games.tactic.net\/sv\/wp-json\/wp\/v2\/media?parent=62625"}],"wp:term":[{"taxonomy":"product_brand","embeddable":true,"href":"https:\/\/games.tactic.net\/sv\/wp-json\/wp\/v2\/product_brand?post=62625"},{"taxonomy":"product_cat","embeddable":true,"href":"https:\/\/games.tactic.net\/sv\/wp-json\/wp\/v2\/product_cat?post=62625"},{"taxonomy":"product_tag","embeddable":true,"href":"https:\/\/games.tactic.net\/sv\/wp-json\/wp\/v2\/product_tag?post=62625"},{"taxonomy":"brand","embeddable":true,"href":"https:\/\/games.tactic.net\/sv\/wp-json\/wp\/v2\/brand?post=62625"},{"taxonomy":"target-group","embeddable":true,"href":"https:\/\/games.tactic.net\/sv\/wp-json\/wp\/v2\/target-group?post=62625"},{"taxonomy":"discontinued","embeddable":true,"href":"https:\/\/games.tactic.net\/sv\/wp-json\/wp\/v2\/discontinued?post=62625"}],"curies":[{"name":"wp","href":"https:\/\/api.w.org\/{rel}","templated":true}]}}