{"id":62621,"date":"2021-02-16T11:25:59","date_gmt":"2021-02-16T09:25:59","guid":{"rendered":"https:\/\/dev.tactic.net\/tuote\/3d-puzzle-the-queen-annes-revenge\/"},"modified":"2022-01-10T15:33:38","modified_gmt":"2022-01-10T13:33:38","slug":"3d-puzzle-the-queen-annes-revenge","status":"archive","type":"product","link":"https:\/\/games.tactic.net\/sv\/tuote\/3d-puzzle-the-queen-annes-revenge\/","title":{"rendered":"3D Puzzle The Queen Anne&#8217;s Revenge"},"content":{"rendered":"<p>Delarna \u00e4r l\u00e4tta att s\u00e4tt\u00e4 ihop med varandra. Inget lim, ingen sax&#8230; 155 pusselbitar. 48 x 15 x 43 cm. Monteringstid: 3h+. Inneh\u00e5ller instruktioner.<\/p>\n","protected":false},"excerpt":{"rendered":"<p>Delarna \u00e4r l\u00e4tta att s\u00e4tt\u00e4 ihop med varandra. Inget lim, ingen sax&#8230; 155 pusselbitar. 48 x 15 x 43 cm. Monteringstid: 3h+. Inneh\u00e5ller instruktioner.<\/p>\n","protected":false},"featured_media":0,"template":"","meta":{"content-type":"","_monsterinsights_skip_tracking":false,"_monsterinsights_sitenote_active":false,"_monsterinsights_sitenote_note":"","_monsterinsights_sitenote_category":0},"product_brand":[],"product_cat":[682],"product_tag":[],"brand":[],"target-group":[],"discontinued":[],"class_list":{"0":"post-62621","1":"product","2":"type-product","3":"status-archive","5":"product_cat-pussel","7":"first","8":"outofstock","9":"taxable","10":"shipping-taxable","11":"product-type-simple"},"aioseo_notices":[],"_links":{"self":[{"href":"https:\/\/games.tactic.net\/sv\/wp-json\/wp\/v2\/product\/62621","targetHints":{"allow":["GET"]}}],"collection":[{"href":"https:\/\/games.tactic.net\/sv\/wp-json\/wp\/v2\/product"}],"about":[{"href":"https:\/\/games.tactic.net\/sv\/wp-json\/wp\/v2\/types\/product"}],"wp:attachment":[{"href":"https:\/\/games.tactic.net\/sv\/wp-json\/wp\/v2\/media?parent=62621"}],"wp:term":[{"taxonomy":"product_brand","embeddable":true,"href":"https:\/\/games.tactic.net\/sv\/wp-json\/wp\/v2\/product_brand?post=62621"},{"taxonomy":"product_cat","embeddable":true,"href":"https:\/\/games.tactic.net\/sv\/wp-json\/wp\/v2\/product_cat?post=62621"},{"taxonomy":"product_tag","embeddable":true,"href":"https:\/\/games.tactic.net\/sv\/wp-json\/wp\/v2\/product_tag?post=62621"},{"taxonomy":"brand","embeddable":true,"href":"https:\/\/games.tactic.net\/sv\/wp-json\/wp\/v2\/brand?post=62621"},{"taxonomy":"target-group","embeddable":true,"href":"https:\/\/games.tactic.net\/sv\/wp-json\/wp\/v2\/target-group?post=62621"},{"taxonomy":"discontinued","embeddable":true,"href":"https:\/\/games.tactic.net\/sv\/wp-json\/wp\/v2\/discontinued?post=62621"}],"curies":[{"name":"wp","href":"https:\/\/api.w.org\/{rel}","templated":true}]}}