{"id":625772,"date":"2022-09-13T13:02:53","date_gmt":"2022-09-13T10:02:53","guid":{"rendered":"http:\/\/games.tactic.net\/tuote\/iknow-2-0-2\/"},"modified":"2023-10-25T16:49:17","modified_gmt":"2023-10-25T13:49:17","slug":"iknow-2-0-2","status":"publish","type":"product","link":"https:\/\/games.tactic.net\/sv\/tuote\/iknow-2-0-2\/","title":{"rendered":"iKNOW 2.0"},"content":{"rendered":"<p>Den framg\u00e5ngsrika triviaklassikern \u2013 omarbetad f\u00f6r en ny generation! Det h\u00e4r \u00e4r ett triviaspel d\u00e4r alla har chansen att lyckas! Varje fr\u00e5ga inneh\u00e5ller tre ledtr\u00e5dar som tar dig n\u00e4rmare och n\u00e4rmare det r\u00e4tta svaret. Du kan v\u00e4lja n\u00e4r du vill svara, men ju fler ledtr\u00e5dar du h\u00f6r, desto f\u00e4rre po\u00e4ng f\u00e5r du.<\/p>\n<p><img decoding=\"async\" src=\"https:\\\\\\\\games.tactic.net\\\\pic\\\\logo\\\\FI_2022_Vuoden_Peli_Partypelit_finalisti.png\"><\/p>\n","protected":false},"excerpt":{"rendered":"<p>Den framg\u00e5ngsrika triviaklassikern \u2013 omarbetad f\u00f6r en ny generation! Det h\u00e4r \u00e4r ett triviaspel d\u00e4r alla har chansen att lyckas! Varje fr\u00e5ga inneh\u00e5ller tre ledtr\u00e5dar som tar dig n\u00e4rmare och n\u00e4rmare det r\u00e4tta svaret. Du kan v\u00e4lja n\u00e4r du vill svara, men ju fler ledtr\u00e5dar du h\u00f6r, desto f\u00e4rre po\u00e4ng f\u00e5r du.<\/p>\n","protected":false},"featured_media":0,"template":"","meta":{"content-type":"","_monsterinsights_skip_tracking":false,"_monsterinsights_sitenote_active":false,"_monsterinsights_sitenote_note":"","_monsterinsights_sitenote_category":0},"product_brand":[],"product_cat":[1523,1524],"product_tag":[849],"brand":[{"id":2093,"name":"iKNOW","slug":"iknow-3"}],"target-group":[],"discontinued":[],"class_list":{"0":"post-625772","1":"product","2":"type-product","3":"status-publish","5":"product_cat-fragespel-vuxenspel","6":"product_cat-fragespel-familjespel","7":"product_tag-kunskap","8":"brand-iknow-3","10":"first","11":"instock","12":"taxable","13":"shipping-taxable","14":"product-type-simple"},"aioseo_notices":[],"_links":{"self":[{"href":"https:\/\/games.tactic.net\/sv\/wp-json\/wp\/v2\/product\/625772","targetHints":{"allow":["GET"]}}],"collection":[{"href":"https:\/\/games.tactic.net\/sv\/wp-json\/wp\/v2\/product"}],"about":[{"href":"https:\/\/games.tactic.net\/sv\/wp-json\/wp\/v2\/types\/product"}],"wp:attachment":[{"href":"https:\/\/games.tactic.net\/sv\/wp-json\/wp\/v2\/media?parent=625772"}],"wp:term":[{"taxonomy":"product_brand","embeddable":true,"href":"https:\/\/games.tactic.net\/sv\/wp-json\/wp\/v2\/product_brand?post=625772"},{"taxonomy":"product_cat","embeddable":true,"href":"https:\/\/games.tactic.net\/sv\/wp-json\/wp\/v2\/product_cat?post=625772"},{"taxonomy":"product_tag","embeddable":true,"href":"https:\/\/games.tactic.net\/sv\/wp-json\/wp\/v2\/product_tag?post=625772"},{"taxonomy":"brand","embeddable":true,"href":"https:\/\/games.tactic.net\/sv\/wp-json\/wp\/v2\/brand?post=625772"},{"taxonomy":"target-group","embeddable":true,"href":"https:\/\/games.tactic.net\/sv\/wp-json\/wp\/v2\/target-group?post=625772"},{"taxonomy":"discontinued","embeddable":true,"href":"https:\/\/games.tactic.net\/sv\/wp-json\/wp\/v2\/discontinued?post=625772"}],"curies":[{"name":"wp","href":"https:\/\/api.w.org\/{rel}","templated":true}]}}