{"id":62574,"date":"2021-02-16T11:25:46","date_gmt":"2021-02-16T09:25:46","guid":{"rendered":"https:\/\/dev.tactic.net\/tuote\/jippi-kul-med-linjer-och-former\/"},"modified":"2023-10-06T16:30:38","modified_gmt":"2023-10-06T13:30:38","slug":"jippi-kul-med-linjer-och-former","status":"publish","type":"product","link":"https:\/\/games.tactic.net\/sv\/tuote\/jippi-kul-med-linjer-och-former\/","title":{"rendered":"Tactic Jippi! Kul med linjer och former"},"content":{"rendered":"<p>Rita linjer, kurvor, cirklar och andra former tillsammans med mig och mina v\u00e4nner. Nu tr\u00e4nar vi ihop! Denna bok passar de yngre skolbarnen eller barn som snart ska b\u00f6rja skolan. Och den \u00e4r perfekt till alla som \u00e4lskar att rita.<\/p>\n","protected":false},"excerpt":{"rendered":"<p>Rita linjer, kurvor, cirklar och andra former tillsammans med mig och mina v\u00e4nner. Nu tr\u00e4nar vi ihop!<\/p>\n","protected":false},"featured_media":0,"template":"","meta":{"content-type":"","_monsterinsights_skip_tracking":false,"_monsterinsights_sitenote_active":false,"_monsterinsights_sitenote_note":"","_monsterinsights_sitenote_category":0},"product_brand":[],"product_cat":[1545],"product_tag":[],"brand":[],"target-group":[],"discontinued":[],"class_list":{"0":"post-62574","1":"product","2":"type-product","3":"status-publish","5":"product_cat-lar-bocker","7":"first","8":"instock","9":"taxable","10":"shipping-taxable","11":"product-type-simple"},"aioseo_notices":[],"_links":{"self":[{"href":"https:\/\/games.tactic.net\/sv\/wp-json\/wp\/v2\/product\/62574","targetHints":{"allow":["GET"]}}],"collection":[{"href":"https:\/\/games.tactic.net\/sv\/wp-json\/wp\/v2\/product"}],"about":[{"href":"https:\/\/games.tactic.net\/sv\/wp-json\/wp\/v2\/types\/product"}],"wp:attachment":[{"href":"https:\/\/games.tactic.net\/sv\/wp-json\/wp\/v2\/media?parent=62574"}],"wp:term":[{"taxonomy":"product_brand","embeddable":true,"href":"https:\/\/games.tactic.net\/sv\/wp-json\/wp\/v2\/product_brand?post=62574"},{"taxonomy":"product_cat","embeddable":true,"href":"https:\/\/games.tactic.net\/sv\/wp-json\/wp\/v2\/product_cat?post=62574"},{"taxonomy":"product_tag","embeddable":true,"href":"https:\/\/games.tactic.net\/sv\/wp-json\/wp\/v2\/product_tag?post=62574"},{"taxonomy":"brand","embeddable":true,"href":"https:\/\/games.tactic.net\/sv\/wp-json\/wp\/v2\/brand?post=62574"},{"taxonomy":"target-group","embeddable":true,"href":"https:\/\/games.tactic.net\/sv\/wp-json\/wp\/v2\/target-group?post=62574"},{"taxonomy":"discontinued","embeddable":true,"href":"https:\/\/games.tactic.net\/sv\/wp-json\/wp\/v2\/discontinued?post=62574"}],"curies":[{"name":"wp","href":"https:\/\/api.w.org\/{rel}","templated":true}]}}