{"id":62531,"date":"2021-02-16T11:25:42","date_gmt":"2021-02-16T09:25:42","guid":{"rendered":"https:\/\/dev.tactic.net\/tuote\/jippi-kul-med-farger\/"},"modified":"2023-10-06T16:30:29","modified_gmt":"2023-10-06T13:30:29","slug":"jippi-kul-med-farger","status":"publish","type":"product","link":"https:\/\/games.tactic.net\/sv\/tuote\/jippi-kul-med-farger\/","title":{"rendered":"Tactic Jippi! Kul med f\u00e4rger"},"content":{"rendered":"<p>F\u00e4rgl\u00e4gg massor av bilder tillsammans med mig och mina v\u00e4nner. F\u00f6lj instruktionerna eller anv\u00e4nd din egen fantasi. Denna bok passar de yngre skolbarnen eller barn som snart ska b\u00f6rja skolan. Och den \u00e4r perfekt till alla som \u00e4lskar att m\u00e5la.<\/p>\n","protected":false},"excerpt":{"rendered":"<p>F\u00e4rgl\u00e4gg massor av bilder tillsammans med mig och mina v\u00e4nner.<\/p>\n","protected":false},"featured_media":0,"template":"","meta":{"content-type":"","_monsterinsights_skip_tracking":false,"_monsterinsights_sitenote_active":false,"_monsterinsights_sitenote_note":"","_monsterinsights_sitenote_category":0},"product_brand":[],"product_cat":[1545],"product_tag":[],"brand":[],"target-group":[],"discontinued":[],"class_list":{"0":"post-62531","1":"product","2":"type-product","3":"status-publish","5":"product_cat-lar-bocker","7":"first","8":"instock","9":"taxable","10":"shipping-taxable","11":"product-type-simple"},"aioseo_notices":[],"_links":{"self":[{"href":"https:\/\/games.tactic.net\/sv\/wp-json\/wp\/v2\/product\/62531","targetHints":{"allow":["GET"]}}],"collection":[{"href":"https:\/\/games.tactic.net\/sv\/wp-json\/wp\/v2\/product"}],"about":[{"href":"https:\/\/games.tactic.net\/sv\/wp-json\/wp\/v2\/types\/product"}],"wp:attachment":[{"href":"https:\/\/games.tactic.net\/sv\/wp-json\/wp\/v2\/media?parent=62531"}],"wp:term":[{"taxonomy":"product_brand","embeddable":true,"href":"https:\/\/games.tactic.net\/sv\/wp-json\/wp\/v2\/product_brand?post=62531"},{"taxonomy":"product_cat","embeddable":true,"href":"https:\/\/games.tactic.net\/sv\/wp-json\/wp\/v2\/product_cat?post=62531"},{"taxonomy":"product_tag","embeddable":true,"href":"https:\/\/games.tactic.net\/sv\/wp-json\/wp\/v2\/product_tag?post=62531"},{"taxonomy":"brand","embeddable":true,"href":"https:\/\/games.tactic.net\/sv\/wp-json\/wp\/v2\/brand?post=62531"},{"taxonomy":"target-group","embeddable":true,"href":"https:\/\/games.tactic.net\/sv\/wp-json\/wp\/v2\/target-group?post=62531"},{"taxonomy":"discontinued","embeddable":true,"href":"https:\/\/games.tactic.net\/sv\/wp-json\/wp\/v2\/discontinued?post=62531"}],"curies":[{"name":"wp","href":"https:\/\/api.w.org\/{rel}","templated":true}]}}