{"id":62474,"date":"2021-02-16T11:25:36","date_gmt":"2021-02-16T09:25:36","guid":{"rendered":"https:\/\/dev.tactic.net\/tuote\/jippi-kul-med-ord\/"},"modified":"2025-11-28T09:39:54","modified_gmt":"2025-11-28T07:39:54","slug":"jippi-kul-med-ord","status":"archive","type":"product","link":"https:\/\/games.tactic.net\/sv\/tuote\/jippi-kul-med-ord\/","title":{"rendered":"Tactic Jippi! Kul med ord"},"content":{"rendered":"<p>Hitta ord med mig och mina v\u00e4nner. Nu l\u00e4r vi oss tillsammans! Denna bok passar de yngre skolbarnen eller barn som snart ska b\u00f6rja skolan. Och den \u00e4r perfekt f\u00f6r alla som gillar korsord. I boken finns l\u00f6sningar till alla uppgifter.<\/p>\n","protected":false},"excerpt":{"rendered":"<p>Hitta ord med mig och mina v\u00e4nner. Nu l\u00e4r vi oss tillsammans!<\/p>\n","protected":false},"featured_media":0,"template":"","meta":{"content-type":"","_monsterinsights_skip_tracking":false,"_monsterinsights_sitenote_active":false,"_monsterinsights_sitenote_note":"","_monsterinsights_sitenote_category":0},"product_brand":[],"product_cat":[1545],"product_tag":[],"brand":[],"target-group":[],"discontinued":[],"class_list":{"0":"post-62474","1":"product","2":"type-product","3":"status-archive","5":"product_cat-lar-bocker","7":"first","8":"outofstock","9":"taxable","10":"shipping-taxable","11":"product-type-simple"},"aioseo_notices":[],"_links":{"self":[{"href":"https:\/\/games.tactic.net\/sv\/wp-json\/wp\/v2\/product\/62474","targetHints":{"allow":["GET"]}}],"collection":[{"href":"https:\/\/games.tactic.net\/sv\/wp-json\/wp\/v2\/product"}],"about":[{"href":"https:\/\/games.tactic.net\/sv\/wp-json\/wp\/v2\/types\/product"}],"wp:attachment":[{"href":"https:\/\/games.tactic.net\/sv\/wp-json\/wp\/v2\/media?parent=62474"}],"wp:term":[{"taxonomy":"product_brand","embeddable":true,"href":"https:\/\/games.tactic.net\/sv\/wp-json\/wp\/v2\/product_brand?post=62474"},{"taxonomy":"product_cat","embeddable":true,"href":"https:\/\/games.tactic.net\/sv\/wp-json\/wp\/v2\/product_cat?post=62474"},{"taxonomy":"product_tag","embeddable":true,"href":"https:\/\/games.tactic.net\/sv\/wp-json\/wp\/v2\/product_tag?post=62474"},{"taxonomy":"brand","embeddable":true,"href":"https:\/\/games.tactic.net\/sv\/wp-json\/wp\/v2\/brand?post=62474"},{"taxonomy":"target-group","embeddable":true,"href":"https:\/\/games.tactic.net\/sv\/wp-json\/wp\/v2\/target-group?post=62474"},{"taxonomy":"discontinued","embeddable":true,"href":"https:\/\/games.tactic.net\/sv\/wp-json\/wp\/v2\/discontinued?post=62474"}],"curies":[{"name":"wp","href":"https:\/\/api.w.org\/{rel}","templated":true}]}}