{"id":62417,"date":"2021-02-16T11:25:32","date_gmt":"2021-02-16T09:25:32","guid":{"rendered":"https:\/\/dev.tactic.net\/tuote\/jippi-kul-med-tiden\/"},"modified":"2023-10-06T16:30:14","modified_gmt":"2023-10-06T13:30:14","slug":"jippi-kul-med-tiden","status":"publish","type":"product","link":"https:\/\/games.tactic.net\/sv\/tuote\/jippi-kul-med-tiden\/","title":{"rendered":"Tactic Jippi! Kul med tiden"},"content":{"rendered":"<p>L\u00e4r dig klockan tillsammans med mig och mina v\u00e4nner. Tr\u00e4na ocks\u00e5 p\u00e5 andra saker som har med tid att g\u00f6ra: tidpunkter p\u00e5 dygnet, veckodagar, m\u00e5nader och \u00e5rstider. Denna bok passar de yngre skolbarnen eller barn som snart ska b\u00f6rja skolan.<\/p>\n","protected":false},"excerpt":{"rendered":"<p>L\u00e4r dig klockan tillsammans med mig och mina v\u00e4nner.<\/p>\n","protected":false},"featured_media":0,"template":"","meta":{"content-type":"","_monsterinsights_skip_tracking":false,"_monsterinsights_sitenote_active":false,"_monsterinsights_sitenote_note":"","_monsterinsights_sitenote_category":0},"product_brand":[],"product_cat":[1545],"product_tag":[],"brand":[],"target-group":[],"discontinued":[],"class_list":{"0":"post-62417","1":"product","2":"type-product","3":"status-publish","5":"product_cat-lar-bocker","7":"first","8":"instock","9":"taxable","10":"shipping-taxable","11":"product-type-simple"},"aioseo_notices":[],"_links":{"self":[{"href":"https:\/\/games.tactic.net\/sv\/wp-json\/wp\/v2\/product\/62417","targetHints":{"allow":["GET"]}}],"collection":[{"href":"https:\/\/games.tactic.net\/sv\/wp-json\/wp\/v2\/product"}],"about":[{"href":"https:\/\/games.tactic.net\/sv\/wp-json\/wp\/v2\/types\/product"}],"wp:attachment":[{"href":"https:\/\/games.tactic.net\/sv\/wp-json\/wp\/v2\/media?parent=62417"}],"wp:term":[{"taxonomy":"product_brand","embeddable":true,"href":"https:\/\/games.tactic.net\/sv\/wp-json\/wp\/v2\/product_brand?post=62417"},{"taxonomy":"product_cat","embeddable":true,"href":"https:\/\/games.tactic.net\/sv\/wp-json\/wp\/v2\/product_cat?post=62417"},{"taxonomy":"product_tag","embeddable":true,"href":"https:\/\/games.tactic.net\/sv\/wp-json\/wp\/v2\/product_tag?post=62417"},{"taxonomy":"brand","embeddable":true,"href":"https:\/\/games.tactic.net\/sv\/wp-json\/wp\/v2\/brand?post=62417"},{"taxonomy":"target-group","embeddable":true,"href":"https:\/\/games.tactic.net\/sv\/wp-json\/wp\/v2\/target-group?post=62417"},{"taxonomy":"discontinued","embeddable":true,"href":"https:\/\/games.tactic.net\/sv\/wp-json\/wp\/v2\/discontinued?post=62417"}],"curies":[{"name":"wp","href":"https:\/\/api.w.org\/{rel}","templated":true}]}}