{"id":62360,"date":"2021-02-16T11:25:26","date_gmt":"2021-02-16T09:25:26","guid":{"rendered":"https:\/\/dev.tactic.net\/tuote\/jippi-kul-med-siffror-och-matte\/"},"modified":"2025-12-08T09:53:10","modified_gmt":"2025-12-08T07:53:10","slug":"jippi-kul-med-siffror-och-matte","status":"archive","type":"product","link":"https:\/\/games.tactic.net\/sv\/tuote\/jippi-kul-med-siffror-och-matte\/","title":{"rendered":"Tactic Jippi! Kul med siffror och matte"},"content":{"rendered":"<p>L\u00e4r dig siffror och tr\u00e4na p\u00e5 att r\u00e4kna tillsammans med mig och mina v\u00e4nner. Denna bok passar de yngre skolbarnen eller barn som snart ska b\u00f6rja skolan.<\/p>\n","protected":false},"excerpt":{"rendered":"<p>L\u00e4r dig siffror och tr\u00e4na p\u00e5 att r\u00e4kna tillsammans med mig och mina v\u00e4nner.<\/p>\n","protected":false},"featured_media":0,"template":"","meta":{"content-type":"","_monsterinsights_skip_tracking":false,"_monsterinsights_sitenote_active":false,"_monsterinsights_sitenote_note":"","_monsterinsights_sitenote_category":0},"product_brand":[],"product_cat":[1545],"product_tag":[],"brand":[],"target-group":[],"discontinued":[],"class_list":{"0":"post-62360","1":"product","2":"type-product","3":"status-archive","5":"product_cat-lar-bocker","7":"first","8":"outofstock","9":"taxable","10":"shipping-taxable","11":"product-type-simple"},"aioseo_notices":[],"_links":{"self":[{"href":"https:\/\/games.tactic.net\/sv\/wp-json\/wp\/v2\/product\/62360","targetHints":{"allow":["GET"]}}],"collection":[{"href":"https:\/\/games.tactic.net\/sv\/wp-json\/wp\/v2\/product"}],"about":[{"href":"https:\/\/games.tactic.net\/sv\/wp-json\/wp\/v2\/types\/product"}],"wp:attachment":[{"href":"https:\/\/games.tactic.net\/sv\/wp-json\/wp\/v2\/media?parent=62360"}],"wp:term":[{"taxonomy":"product_brand","embeddable":true,"href":"https:\/\/games.tactic.net\/sv\/wp-json\/wp\/v2\/product_brand?post=62360"},{"taxonomy":"product_cat","embeddable":true,"href":"https:\/\/games.tactic.net\/sv\/wp-json\/wp\/v2\/product_cat?post=62360"},{"taxonomy":"product_tag","embeddable":true,"href":"https:\/\/games.tactic.net\/sv\/wp-json\/wp\/v2\/product_tag?post=62360"},{"taxonomy":"brand","embeddable":true,"href":"https:\/\/games.tactic.net\/sv\/wp-json\/wp\/v2\/brand?post=62360"},{"taxonomy":"target-group","embeddable":true,"href":"https:\/\/games.tactic.net\/sv\/wp-json\/wp\/v2\/target-group?post=62360"},{"taxonomy":"discontinued","embeddable":true,"href":"https:\/\/games.tactic.net\/sv\/wp-json\/wp\/v2\/discontinued?post=62360"}],"curies":[{"name":"wp","href":"https:\/\/api.w.org\/{rel}","templated":true}]}}