{"id":622753,"date":"2022-08-24T12:35:56","date_gmt":"2022-08-24T09:35:56","guid":{"rendered":"http:\/\/games.tactic.net\/tuote\/glada-djur-och-roliga-insekter-malarbok\/"},"modified":"2023-10-06T16:20:16","modified_gmt":"2023-10-06T13:20:16","slug":"glada-djur-och-roliga-insekter-malarbok","status":"publish","type":"product","link":"https:\/\/games.tactic.net\/sv\/tuote\/glada-djur-och-roliga-insekter-malarbok\/","title":{"rendered":"Tactic Glada djur och roliga insekter m\u00e5larbok"},"content":{"rendered":"<p>Den h\u00e4r m\u00e5larboken inneh\u00e5ller en samling av flera olika roliga djur, med allt fr\u00e5n sm\u00e5 insekter till enorma djur och stora bestar. F\u00e4rgl\u00e4gg de olika djuren och anv\u00e4nd vilda f\u00e4rger, precis som du vill! Ha det roligt med en stor m\u00e4ngd av humoristiska djurv\u00e4nner.<\/p>\n","protected":false},"excerpt":{"rendered":"<p>Den h\u00e4r m\u00e5larboken inneh\u00e5ller en samling av flera olika roliga djur, med allt fr\u00e5n sm\u00e5 insekter till enorma djur och stora bestar. F\u00e4rgl\u00e4gg de olika djuren och anv\u00e4nd vilda f\u00e4rger, precis som du vill! Ha det roligt med en stor m\u00e4ngd av humoristiska djurv\u00e4nner.<\/p>\n","protected":false},"featured_media":622739,"template":"","meta":{"content-type":"","_monsterinsights_skip_tracking":false,"_monsterinsights_sitenote_active":false,"_monsterinsights_sitenote_note":"","_monsterinsights_sitenote_category":0},"product_brand":[],"product_cat":[1529],"product_tag":[],"brand":[],"target-group":[],"discontinued":[],"class_list":{"0":"post-622753","1":"product","2":"type-product","3":"status-publish","4":"has-post-thumbnail","6":"product_cat-malarbocker-malar-och-pysselbocker","8":"first","9":"instock","10":"taxable","11":"shipping-taxable","12":"product-type-simple"},"aioseo_notices":[],"_links":{"self":[{"href":"https:\/\/games.tactic.net\/sv\/wp-json\/wp\/v2\/product\/622753","targetHints":{"allow":["GET"]}}],"collection":[{"href":"https:\/\/games.tactic.net\/sv\/wp-json\/wp\/v2\/product"}],"about":[{"href":"https:\/\/games.tactic.net\/sv\/wp-json\/wp\/v2\/types\/product"}],"wp:featuredmedia":[{"embeddable":true,"href":"https:\/\/games.tactic.net\/sv\/wp-json\/wp\/v2\/media\/622739"}],"wp:attachment":[{"href":"https:\/\/games.tactic.net\/sv\/wp-json\/wp\/v2\/media?parent=622753"}],"wp:term":[{"taxonomy":"product_brand","embeddable":true,"href":"https:\/\/games.tactic.net\/sv\/wp-json\/wp\/v2\/product_brand?post=622753"},{"taxonomy":"product_cat","embeddable":true,"href":"https:\/\/games.tactic.net\/sv\/wp-json\/wp\/v2\/product_cat?post=622753"},{"taxonomy":"product_tag","embeddable":true,"href":"https:\/\/games.tactic.net\/sv\/wp-json\/wp\/v2\/product_tag?post=622753"},{"taxonomy":"brand","embeddable":true,"href":"https:\/\/games.tactic.net\/sv\/wp-json\/wp\/v2\/brand?post=622753"},{"taxonomy":"target-group","embeddable":true,"href":"https:\/\/games.tactic.net\/sv\/wp-json\/wp\/v2\/target-group?post=622753"},{"taxonomy":"discontinued","embeddable":true,"href":"https:\/\/games.tactic.net\/sv\/wp-json\/wp\/v2\/discontinued?post=622753"}],"curies":[{"name":"wp","href":"https:\/\/api.w.org\/{rel}","templated":true}]}}