{"id":622723,"date":"2022-08-24T12:11:34","date_gmt":"2022-08-24T09:11:34","guid":{"rendered":"http:\/\/games.tactic.net\/tuote\/trendy-rainbow-tower\/"},"modified":"2023-10-25T14:01:02","modified_gmt":"2023-10-25T11:01:02","slug":"trendy-rainbow-tower","status":"publish","type":"product","link":"https:\/\/games.tactic.net\/sv\/tuote\/trendy-rainbow-tower\/","title":{"rendered":"Tactic Trendy Rainbow Tower"},"content":{"rendered":"<p>L\u00e5t inte tornet rasa! I det h\u00e4r spelet drar spelarna f\u00f6rsiktigt ut block ur tornet och placerar dem l\u00e4ngst upp, men det finns en f\u00e4rgglad twist! T\u00e4rningen talar om vilket f\u00e4rgat block du m\u00e5ste flytta. H\u00e5ll h\u00e4nderna stadiga och huvudet kallt, annars kan du f\u00e5 tornet att rasa! Perfekt f\u00f6r att l\u00e4ra sig f\u00e4rgigenk\u00e4nning och rumslig medvetenhet. Alla spelets delar \u00e4r i tr\u00e4!<\/p>\n","protected":false},"excerpt":{"rendered":"<p>L\u00e5t inte tornet rasa! I det h\u00e4r spelet drar spelarna f\u00f6rsiktigt ut block ur tornet och placerar dem l\u00e4ngst upp, men det finns en f\u00e4rgglad twist! T\u00e4rningen talar om vilket f\u00e4rgat block du m\u00e5ste flytta. H\u00e5ll h\u00e4nderna stadiga och huvudet kallt, annars kan du f\u00e5 tornet att rasa! Perfekt f\u00f6r att l\u00e4ra sig f\u00e4rgigenk\u00e4nning och [&hellip;]<\/p>\n","protected":false},"featured_media":0,"template":"","meta":{"content-type":"","_monsterinsights_skip_tracking":false,"_monsterinsights_sitenote_active":false,"_monsterinsights_sitenote_note":"","_monsterinsights_sitenote_category":0},"product_brand":[],"product_cat":[1462],"product_tag":[],"brand":[],"target-group":[],"discontinued":[],"class_list":{"0":"post-622723","1":"product","2":"type-product","3":"status-publish","5":"product_cat-bradspel-barnspel","7":"first","8":"instock","9":"taxable","10":"shipping-taxable","11":"product-type-simple"},"aioseo_notices":[],"_links":{"self":[{"href":"https:\/\/games.tactic.net\/sv\/wp-json\/wp\/v2\/product\/622723","targetHints":{"allow":["GET"]}}],"collection":[{"href":"https:\/\/games.tactic.net\/sv\/wp-json\/wp\/v2\/product"}],"about":[{"href":"https:\/\/games.tactic.net\/sv\/wp-json\/wp\/v2\/types\/product"}],"wp:attachment":[{"href":"https:\/\/games.tactic.net\/sv\/wp-json\/wp\/v2\/media?parent=622723"}],"wp:term":[{"taxonomy":"product_brand","embeddable":true,"href":"https:\/\/games.tactic.net\/sv\/wp-json\/wp\/v2\/product_brand?post=622723"},{"taxonomy":"product_cat","embeddable":true,"href":"https:\/\/games.tactic.net\/sv\/wp-json\/wp\/v2\/product_cat?post=622723"},{"taxonomy":"product_tag","embeddable":true,"href":"https:\/\/games.tactic.net\/sv\/wp-json\/wp\/v2\/product_tag?post=622723"},{"taxonomy":"brand","embeddable":true,"href":"https:\/\/games.tactic.net\/sv\/wp-json\/wp\/v2\/brand?post=622723"},{"taxonomy":"target-group","embeddable":true,"href":"https:\/\/games.tactic.net\/sv\/wp-json\/wp\/v2\/target-group?post=622723"},{"taxonomy":"discontinued","embeddable":true,"href":"https:\/\/games.tactic.net\/sv\/wp-json\/wp\/v2\/discontinued?post=622723"}],"curies":[{"name":"wp","href":"https:\/\/api.w.org\/{rel}","templated":true}]}}