{"id":622694,"date":"2022-08-24T11:24:58","date_gmt":"2022-08-24T08:24:58","guid":{"rendered":"http:\/\/games.tactic.net\/tuote\/trendy-donkey-balance-game\/"},"modified":"2023-10-25T13:59:48","modified_gmt":"2023-10-25T10:59:48","slug":"trendy-donkey-balance-game","status":"publish","type":"product","link":"https:\/\/games.tactic.net\/sv\/tuote\/trendy-donkey-balance-game\/","title":{"rendered":"Tactic Trendy Donkey Balance game"},"content":{"rendered":"<p>Lasta \u00e5snan! Placera en pinne i taget p\u00e5 \u00e5snan \u2013 men var f\u00f6rsiktig eftersom du m\u00e5ste plocka upp alla pinnar som kan falla av. Detta klassiska spel kr\u00e4ver stadiga h\u00e4nder men \u00e4r roligt f\u00f6r spelare i alla \u00e5ldrar! Alla spelets delar \u00e4r i tr\u00e4! Ett klassiskt spelkoncept f\u00f6r alla \u00e5ldrar.<\/p>\n","protected":false},"excerpt":{"rendered":"<p>Lasta \u00e5snan! Placera en pinne i taget p\u00e5 \u00e5snan \u2013 men var f\u00f6rsiktig eftersom du m\u00e5ste plocka upp alla pinnar som kan falla av. Detta klassiska spel kr\u00e4ver stadiga h\u00e4nder men \u00e4r roligt f\u00f6r spelare i alla \u00e5ldrar! Alla spelets delar \u00e4r i tr\u00e4! Ett klassiskt spelkoncept f\u00f6r alla \u00e5ldrar.<\/p>\n","protected":false},"featured_media":0,"template":"","meta":{"content-type":"","_monsterinsights_skip_tracking":false,"_monsterinsights_sitenote_active":false,"_monsterinsights_sitenote_note":"","_monsterinsights_sitenote_category":0},"product_brand":[],"product_cat":[1462],"product_tag":[],"brand":[],"target-group":[],"discontinued":[],"class_list":{"0":"post-622694","1":"product","2":"type-product","3":"status-publish","5":"product_cat-bradspel-barnspel","7":"first","8":"instock","9":"taxable","10":"shipping-taxable","11":"product-type-simple"},"aioseo_notices":[],"_links":{"self":[{"href":"https:\/\/games.tactic.net\/sv\/wp-json\/wp\/v2\/product\/622694","targetHints":{"allow":["GET"]}}],"collection":[{"href":"https:\/\/games.tactic.net\/sv\/wp-json\/wp\/v2\/product"}],"about":[{"href":"https:\/\/games.tactic.net\/sv\/wp-json\/wp\/v2\/types\/product"}],"wp:attachment":[{"href":"https:\/\/games.tactic.net\/sv\/wp-json\/wp\/v2\/media?parent=622694"}],"wp:term":[{"taxonomy":"product_brand","embeddable":true,"href":"https:\/\/games.tactic.net\/sv\/wp-json\/wp\/v2\/product_brand?post=622694"},{"taxonomy":"product_cat","embeddable":true,"href":"https:\/\/games.tactic.net\/sv\/wp-json\/wp\/v2\/product_cat?post=622694"},{"taxonomy":"product_tag","embeddable":true,"href":"https:\/\/games.tactic.net\/sv\/wp-json\/wp\/v2\/product_tag?post=622694"},{"taxonomy":"brand","embeddable":true,"href":"https:\/\/games.tactic.net\/sv\/wp-json\/wp\/v2\/brand?post=622694"},{"taxonomy":"target-group","embeddable":true,"href":"https:\/\/games.tactic.net\/sv\/wp-json\/wp\/v2\/target-group?post=622694"},{"taxonomy":"discontinued","embeddable":true,"href":"https:\/\/games.tactic.net\/sv\/wp-json\/wp\/v2\/discontinued?post=622694"}],"curies":[{"name":"wp","href":"https:\/\/api.w.org\/{rel}","templated":true}]}}