{"id":62259,"date":"2021-02-16T11:25:13","date_gmt":"2021-02-16T09:25:13","guid":{"rendered":"https:\/\/dev.tactic.net\/tuote\/lumo-stars-polar-bear-nalle-classic\/"},"modified":"2023-12-29T11:11:13","modified_gmt":"2023-12-29T09:11:13","slug":"lumo-stars-polar-bear-nalle-classic","status":"archive","type":"product","link":"https:\/\/games.tactic.net\/sv\/tuote\/lumo-stars-polar-bear-nalle-classic\/","title":{"rendered":"Isbj\u00f6rnen Nalle \u2013 Classic"},"content":{"rendered":"<p>Classic 15 cm Samlingsbar baby mjukdjur. Glad, krambar, v\u00e4nlig, sn\u00e4ll och s\u00f6t. Vi ler mer! S\u00f6t Northern Brights mjukdjurskollektion baseras p\u00e5 den verkliga nordiska naturen och vilda djur. Finsk design. Is \u00e4r mitt mellannamn och att glida p\u00e5 glaci\u00e4ren \u00e4r min favoritlek. www.lumostars.com<\/p>\n","protected":false},"excerpt":{"rendered":"<p>Classic 15 cm.<\/p>\n","protected":false},"featured_media":0,"template":"","meta":{"content-type":"","_monsterinsights_skip_tracking":false,"_monsterinsights_sitenote_active":false,"_monsterinsights_sitenote_note":"","_monsterinsights_sitenote_category":0},"product_brand":[],"product_cat":[1564],"product_tag":[],"brand":[{"id":1018,"name":"Lumo Stars","slug":"lumo-stars-13"}],"target-group":[],"discontinued":[],"class_list":{"0":"post-62259","1":"product","2":"type-product","3":"status-archive","5":"product_cat-classic-gosedjur-lumo-stars-5","6":"brand-lumo-stars-13","8":"first","9":"outofstock","10":"taxable","11":"shipping-taxable","12":"product-type-simple"},"aioseo_notices":[],"_links":{"self":[{"href":"https:\/\/games.tactic.net\/sv\/wp-json\/wp\/v2\/product\/62259","targetHints":{"allow":["GET"]}}],"collection":[{"href":"https:\/\/games.tactic.net\/sv\/wp-json\/wp\/v2\/product"}],"about":[{"href":"https:\/\/games.tactic.net\/sv\/wp-json\/wp\/v2\/types\/product"}],"wp:attachment":[{"href":"https:\/\/games.tactic.net\/sv\/wp-json\/wp\/v2\/media?parent=62259"}],"wp:term":[{"taxonomy":"product_brand","embeddable":true,"href":"https:\/\/games.tactic.net\/sv\/wp-json\/wp\/v2\/product_brand?post=62259"},{"taxonomy":"product_cat","embeddable":true,"href":"https:\/\/games.tactic.net\/sv\/wp-json\/wp\/v2\/product_cat?post=62259"},{"taxonomy":"product_tag","embeddable":true,"href":"https:\/\/games.tactic.net\/sv\/wp-json\/wp\/v2\/product_tag?post=62259"},{"taxonomy":"brand","embeddable":true,"href":"https:\/\/games.tactic.net\/sv\/wp-json\/wp\/v2\/brand?post=62259"},{"taxonomy":"target-group","embeddable":true,"href":"https:\/\/games.tactic.net\/sv\/wp-json\/wp\/v2\/target-group?post=62259"},{"taxonomy":"discontinued","embeddable":true,"href":"https:\/\/games.tactic.net\/sv\/wp-json\/wp\/v2\/discontinued?post=62259"}],"curies":[{"name":"wp","href":"https:\/\/api.w.org\/{rel}","templated":true}]}}