{"id":62207,"date":"2021-02-16T11:23:54","date_gmt":"2021-02-16T09:23:54","guid":{"rendered":"https:\/\/dev.tactic.net\/tuote\/volvo-dumper-a60h\/"},"modified":"2023-10-20T17:06:36","modified_gmt":"2023-10-20T14:06:36","slug":"volvo-dumper-a60h","status":"publish","type":"product","link":"https:\/\/games.tactic.net\/sv\/tuote\/volvo-dumper-a60h\/","title":{"rendered":"Bruder Volvo A60H Dumper toy"},"content":{"rendered":"<p>Dumpern \u00e4r en riktig arbetsh\u00e4st som anv\u00e4nds vid bland annat v\u00e4gbyggande och i stenbrott. En av de st\u00f6rsta, Volvo A60H, finns nu i BRUDERs sortiment. Precis lika detaljrik som i den verkliga v\u00e4rlden.<\/p>\n","protected":false},"excerpt":{"rendered":"<p>Dumpern \u00e4r en riktig arbetsh\u00e4st som anv\u00e4nds vid bland annat v\u00e4gbyggande och i stenbrott. En av de st\u00f6rsta, Volvo A60H, finns nu i BRUDERs sortiment. Precis lika detaljrik som i den verkliga v\u00e4rlden.<\/p>\n","protected":false},"featured_media":0,"template":"","meta":{"content-type":"","_monsterinsights_skip_tracking":false,"_monsterinsights_sitenote_active":false,"_monsterinsights_sitenote_note":"","_monsterinsights_sitenote_category":0},"product_brand":[],"product_cat":[823],"product_tag":[],"brand":[],"target-group":[],"discontinued":[],"class_list":{"0":"post-62207","1":"product","2":"type-product","3":"status-publish","5":"product_cat-bruder","7":"first","8":"instock","9":"taxable","10":"shipping-taxable","11":"product-type-simple"},"aioseo_notices":[],"_links":{"self":[{"href":"https:\/\/games.tactic.net\/sv\/wp-json\/wp\/v2\/product\/62207","targetHints":{"allow":["GET"]}}],"collection":[{"href":"https:\/\/games.tactic.net\/sv\/wp-json\/wp\/v2\/product"}],"about":[{"href":"https:\/\/games.tactic.net\/sv\/wp-json\/wp\/v2\/types\/product"}],"wp:attachment":[{"href":"https:\/\/games.tactic.net\/sv\/wp-json\/wp\/v2\/media?parent=62207"}],"wp:term":[{"taxonomy":"product_brand","embeddable":true,"href":"https:\/\/games.tactic.net\/sv\/wp-json\/wp\/v2\/product_brand?post=62207"},{"taxonomy":"product_cat","embeddable":true,"href":"https:\/\/games.tactic.net\/sv\/wp-json\/wp\/v2\/product_cat?post=62207"},{"taxonomy":"product_tag","embeddable":true,"href":"https:\/\/games.tactic.net\/sv\/wp-json\/wp\/v2\/product_tag?post=62207"},{"taxonomy":"brand","embeddable":true,"href":"https:\/\/games.tactic.net\/sv\/wp-json\/wp\/v2\/brand?post=62207"},{"taxonomy":"target-group","embeddable":true,"href":"https:\/\/games.tactic.net\/sv\/wp-json\/wp\/v2\/target-group?post=62207"},{"taxonomy":"discontinued","embeddable":true,"href":"https:\/\/games.tactic.net\/sv\/wp-json\/wp\/v2\/discontinued?post=62207"}],"curies":[{"name":"wp","href":"https:\/\/api.w.org\/{rel}","templated":true}]}}