{"id":62149,"date":"2021-02-16T11:23:46","date_gmt":"2021-02-16T09:23:46","guid":{"rendered":"https:\/\/dev.tactic.net\/tuote\/en-varld-av-farger\/"},"modified":"2023-10-06T16:27:21","modified_gmt":"2023-10-06T13:27:21","slug":"en-varld-av-farger","status":"publish","type":"product","link":"https:\/\/games.tactic.net\/sv\/tuote\/en-varld-av-farger\/","title":{"rendered":"Tactic EN V\u00c4RLD AV F\u00c4RGER"},"content":{"rendered":"<p>Denna roliga m\u00e5larbok ger barnet en introduktion till f\u00e4rgernas v\u00e4rld. P\u00e5 varje uppslag finns det en m\u00e4ngd olika saker som har samma f\u00e4rg. Men titta riktigt noga! Det finns alltid en sak som har en annan f\u00e4rg \u00e4n de andra sakerna. Med den h\u00e4r pedagogiska boken blir det roligt att l\u00e4ra sig om f\u00e4rger!<\/p>\n","protected":false},"excerpt":{"rendered":"<p>Denna roliga m\u00e5larbok ger barnet en introduktion till f\u00e4rgernas v\u00e4rld. P\u00e5 varje uppslag finns det en m\u00e4ngd olika saker som har samma f\u00e4rg.<\/p>\n","protected":false},"featured_media":0,"template":"","meta":{"content-type":"","_monsterinsights_skip_tracking":false,"_monsterinsights_sitenote_active":false,"_monsterinsights_sitenote_note":"","_monsterinsights_sitenote_category":0},"product_brand":[],"product_cat":[1531],"product_tag":[],"brand":[],"target-group":[],"discontinued":[],"class_list":{"0":"post-62149","1":"product","2":"type-product","3":"status-publish","5":"product_cat-pysselbok-med-klistermarken","7":"first","8":"instock","9":"taxable","10":"shipping-taxable","11":"product-type-simple"},"aioseo_notices":[],"_links":{"self":[{"href":"https:\/\/games.tactic.net\/sv\/wp-json\/wp\/v2\/product\/62149","targetHints":{"allow":["GET"]}}],"collection":[{"href":"https:\/\/games.tactic.net\/sv\/wp-json\/wp\/v2\/product"}],"about":[{"href":"https:\/\/games.tactic.net\/sv\/wp-json\/wp\/v2\/types\/product"}],"wp:attachment":[{"href":"https:\/\/games.tactic.net\/sv\/wp-json\/wp\/v2\/media?parent=62149"}],"wp:term":[{"taxonomy":"product_brand","embeddable":true,"href":"https:\/\/games.tactic.net\/sv\/wp-json\/wp\/v2\/product_brand?post=62149"},{"taxonomy":"product_cat","embeddable":true,"href":"https:\/\/games.tactic.net\/sv\/wp-json\/wp\/v2\/product_cat?post=62149"},{"taxonomy":"product_tag","embeddable":true,"href":"https:\/\/games.tactic.net\/sv\/wp-json\/wp\/v2\/product_tag?post=62149"},{"taxonomy":"brand","embeddable":true,"href":"https:\/\/games.tactic.net\/sv\/wp-json\/wp\/v2\/brand?post=62149"},{"taxonomy":"target-group","embeddable":true,"href":"https:\/\/games.tactic.net\/sv\/wp-json\/wp\/v2\/target-group?post=62149"},{"taxonomy":"discontinued","embeddable":true,"href":"https:\/\/games.tactic.net\/sv\/wp-json\/wp\/v2\/discontinued?post=62149"}],"curies":[{"name":"wp","href":"https:\/\/api.w.org\/{rel}","templated":true}]}}