{"id":62077,"date":"2021-02-16T11:23:40","date_gmt":"2021-02-16T09:23:40","guid":{"rendered":"https:\/\/dev.tactic.net\/tuote\/vackra-prinsessor-malarbok\/"},"modified":"2022-03-22T13:09:50","modified_gmt":"2022-03-22T11:09:50","slug":"vackra-prinsessor-malarbok","status":"archive","type":"product","link":"https:\/\/games.tactic.net\/sv\/tuote\/vackra-prinsessor-malarbok\/","title":{"rendered":"Vackra prinsessor m\u00e5larbok"},"content":{"rendered":"<p>Fantastiska baler, romantiska ridturer, fina<br \/>\nblommor, underbara kl\u00e4nningar \u2026 en prinsessas<br \/>\nv\u00e4rld \u00e4r full av h\u00e4rliga saker! Ta fram dina<br \/>\nb\u00e4sta pennor och b\u00f6rja f\u00e4rgl\u00e4gg prinsessorna.<br \/>\nUppt\u00e4ck en vacker och f\u00f6rtrollande v\u00e4rld!<\/p>\n","protected":false},"excerpt":{"rendered":"<p>Fantastiska baler, romantiska ridturer, fina<br \/>\nblommor, underbara kl\u00e4nningar \u2026 en prinsessas<br \/>\nv\u00e4rld \u00e4r full av h\u00e4rliga saker! Ta fram dina<br \/>\nb\u00e4sta pennor och b\u00f6rja f\u00e4rgl\u00e4gg prinsessorna.<br \/>\nUppt\u00e4ck en vacker och f\u00f6rtrollande v\u00e4rld!<\/p>\n","protected":false},"featured_media":0,"template":"","meta":{"content-type":"","_monsterinsights_skip_tracking":false,"_monsterinsights_sitenote_active":false,"_monsterinsights_sitenote_note":"","_monsterinsights_sitenote_category":0},"product_brand":[],"product_cat":[1529],"product_tag":[],"brand":[],"target-group":[],"discontinued":[],"class_list":{"0":"post-62077","1":"product","2":"type-product","3":"status-archive","5":"product_cat-malarbocker-malar-och-pysselbocker","7":"first","8":"outofstock","9":"taxable","10":"shipping-taxable","11":"product-type-simple"},"aioseo_notices":[],"_links":{"self":[{"href":"https:\/\/games.tactic.net\/sv\/wp-json\/wp\/v2\/product\/62077","targetHints":{"allow":["GET"]}}],"collection":[{"href":"https:\/\/games.tactic.net\/sv\/wp-json\/wp\/v2\/product"}],"about":[{"href":"https:\/\/games.tactic.net\/sv\/wp-json\/wp\/v2\/types\/product"}],"wp:attachment":[{"href":"https:\/\/games.tactic.net\/sv\/wp-json\/wp\/v2\/media?parent=62077"}],"wp:term":[{"taxonomy":"product_brand","embeddable":true,"href":"https:\/\/games.tactic.net\/sv\/wp-json\/wp\/v2\/product_brand?post=62077"},{"taxonomy":"product_cat","embeddable":true,"href":"https:\/\/games.tactic.net\/sv\/wp-json\/wp\/v2\/product_cat?post=62077"},{"taxonomy":"product_tag","embeddable":true,"href":"https:\/\/games.tactic.net\/sv\/wp-json\/wp\/v2\/product_tag?post=62077"},{"taxonomy":"brand","embeddable":true,"href":"https:\/\/games.tactic.net\/sv\/wp-json\/wp\/v2\/brand?post=62077"},{"taxonomy":"target-group","embeddable":true,"href":"https:\/\/games.tactic.net\/sv\/wp-json\/wp\/v2\/target-group?post=62077"},{"taxonomy":"discontinued","embeddable":true,"href":"https:\/\/games.tactic.net\/sv\/wp-json\/wp\/v2\/discontinued?post=62077"}],"curies":[{"name":"wp","href":"https:\/\/api.w.org\/{rel}","templated":true}]}}