{"id":62034,"date":"2021-02-16T11:23:36","date_gmt":"2021-02-16T09:23:36","guid":{"rendered":"https:\/\/dev.tactic.net\/tuote\/maktiga-drakar-malarbok\/"},"modified":"2023-10-17T11:29:15","modified_gmt":"2023-10-17T08:29:15","slug":"maktiga-drakar-malarbok","status":"publish","type":"product","link":"https:\/\/games.tactic.net\/sv\/tuote\/maktiga-drakar-malarbok\/","title":{"rendered":"Tactic M\u00e4ktiga drakar m\u00e5larbok"},"content":{"rendered":"<p>En enorm drake inger fruktan \u00e4ven hos den modigaste av krigare. R\u00f6k pyser ut ur drakens n\u00e4sborrar medan den noga studerar milj\u00f6n runt omkring sig. Draken breder ut sina vingar och stiger majest\u00e4tiskt upp mot skyn&#8230; F\u00f6lj med till en v\u00e4rld full av dessa magnifika, mytologiska varelser och f\u00e4rgl\u00e4gg drakarna i grymma f\u00e4rger!<\/p>\n","protected":false},"excerpt":{"rendered":"<p>En enorm drake inger fruktan \u00e4ven hos den modigaste av krigare. R\u00f6k pyser ut ur drakens n\u00e4sborrar medan den noga studerar milj\u00f6n runt omkring sig. Draken breder ut sina vingar och stiger majest\u00e4tiskt upp mot skyn&#8230; F\u00f6lj med till en v\u00e4rld full av dessa magnifika, mytologiska varelser och f\u00e4rgl\u00e4gg drakarna i grymma f\u00e4rger!<\/p>\n","protected":false},"featured_media":0,"template":"","meta":{"content-type":"","_monsterinsights_skip_tracking":false,"_monsterinsights_sitenote_active":false,"_monsterinsights_sitenote_note":"","_monsterinsights_sitenote_category":0},"product_brand":[],"product_cat":[1529],"product_tag":[],"brand":[],"target-group":[],"discontinued":[],"class_list":{"0":"post-62034","1":"product","2":"type-product","3":"status-publish","5":"product_cat-malarbocker-malar-och-pysselbocker","7":"first","8":"instock","9":"taxable","10":"shipping-taxable","11":"product-type-simple"},"aioseo_notices":[],"_links":{"self":[{"href":"https:\/\/games.tactic.net\/sv\/wp-json\/wp\/v2\/product\/62034","targetHints":{"allow":["GET"]}}],"collection":[{"href":"https:\/\/games.tactic.net\/sv\/wp-json\/wp\/v2\/product"}],"about":[{"href":"https:\/\/games.tactic.net\/sv\/wp-json\/wp\/v2\/types\/product"}],"wp:attachment":[{"href":"https:\/\/games.tactic.net\/sv\/wp-json\/wp\/v2\/media?parent=62034"}],"wp:term":[{"taxonomy":"product_brand","embeddable":true,"href":"https:\/\/games.tactic.net\/sv\/wp-json\/wp\/v2\/product_brand?post=62034"},{"taxonomy":"product_cat","embeddable":true,"href":"https:\/\/games.tactic.net\/sv\/wp-json\/wp\/v2\/product_cat?post=62034"},{"taxonomy":"product_tag","embeddable":true,"href":"https:\/\/games.tactic.net\/sv\/wp-json\/wp\/v2\/product_tag?post=62034"},{"taxonomy":"brand","embeddable":true,"href":"https:\/\/games.tactic.net\/sv\/wp-json\/wp\/v2\/brand?post=62034"},{"taxonomy":"target-group","embeddable":true,"href":"https:\/\/games.tactic.net\/sv\/wp-json\/wp\/v2\/target-group?post=62034"},{"taxonomy":"discontinued","embeddable":true,"href":"https:\/\/games.tactic.net\/sv\/wp-json\/wp\/v2\/discontinued?post=62034"}],"curies":[{"name":"wp","href":"https:\/\/api.w.org\/{rel}","templated":true}]}}