{"id":61934,"date":"2021-02-16T11:23:24","date_gmt":"2021-02-16T09:23:24","guid":{"rendered":"https:\/\/dev.tactic.net\/tuote\/lilla-fjarilens-malarbok\/"},"modified":"2023-10-06T16:10:19","modified_gmt":"2023-10-06T13:10:19","slug":"lilla-fjarilens-malarbok","status":"publish","type":"product","link":"https:\/\/games.tactic.net\/sv\/tuote\/lilla-fjarilens-malarbok\/","title":{"rendered":"Tactic LILLA FJ\u00c4RILENS M\u00c5LARBOK"},"content":{"rendered":"<p>Fj\u00e4rilar, blommor och s\u00f6ta djur i alla former och storlekar! Den h\u00e4r boken inneh\u00e5ller 48 sidor med enkel och rolig f\u00e4rgl\u00e4ggning f\u00f6r de minsta barnen.<\/p>\n","protected":false},"excerpt":{"rendered":"<p>Fj\u00e4rilar, blommor och s\u00f6ta djur i alla former och storlekar!<\/p>\n","protected":false},"featured_media":0,"template":"","meta":{"content-type":"","_monsterinsights_skip_tracking":false,"_monsterinsights_sitenote_active":false,"_monsterinsights_sitenote_note":"","_monsterinsights_sitenote_category":0},"product_brand":[],"product_cat":[1529],"product_tag":[],"brand":[],"target-group":[],"discontinued":[],"class_list":{"0":"post-61934","1":"product","2":"type-product","3":"status-publish","5":"product_cat-malarbocker-malar-och-pysselbocker","7":"first","8":"instock","9":"taxable","10":"shipping-taxable","11":"product-type-simple"},"aioseo_notices":[],"_links":{"self":[{"href":"https:\/\/games.tactic.net\/sv\/wp-json\/wp\/v2\/product\/61934","targetHints":{"allow":["GET"]}}],"collection":[{"href":"https:\/\/games.tactic.net\/sv\/wp-json\/wp\/v2\/product"}],"about":[{"href":"https:\/\/games.tactic.net\/sv\/wp-json\/wp\/v2\/types\/product"}],"wp:attachment":[{"href":"https:\/\/games.tactic.net\/sv\/wp-json\/wp\/v2\/media?parent=61934"}],"wp:term":[{"taxonomy":"product_brand","embeddable":true,"href":"https:\/\/games.tactic.net\/sv\/wp-json\/wp\/v2\/product_brand?post=61934"},{"taxonomy":"product_cat","embeddable":true,"href":"https:\/\/games.tactic.net\/sv\/wp-json\/wp\/v2\/product_cat?post=61934"},{"taxonomy":"product_tag","embeddable":true,"href":"https:\/\/games.tactic.net\/sv\/wp-json\/wp\/v2\/product_tag?post=61934"},{"taxonomy":"brand","embeddable":true,"href":"https:\/\/games.tactic.net\/sv\/wp-json\/wp\/v2\/brand?post=61934"},{"taxonomy":"target-group","embeddable":true,"href":"https:\/\/games.tactic.net\/sv\/wp-json\/wp\/v2\/target-group?post=61934"},{"taxonomy":"discontinued","embeddable":true,"href":"https:\/\/games.tactic.net\/sv\/wp-json\/wp\/v2\/discontinued?post=61934"}],"curies":[{"name":"wp","href":"https:\/\/api.w.org\/{rel}","templated":true}]}}