{"id":61877,"date":"2021-02-16T11:23:19","date_gmt":"2021-02-16T09:23:19","guid":{"rendered":"https:\/\/dev.tactic.net\/tuote\/hastar-pysselbok-med-stickers\/"},"modified":"2023-10-23T10:41:23","modified_gmt":"2023-10-23T07:41:23","slug":"hastar-pysselbok-med-stickers","status":"publish","type":"product","link":"https:\/\/games.tactic.net\/sv\/tuote\/hastar-pysselbok-med-stickers\/","title":{"rendered":"Tactic H\u00e4star pysselbok med stickers"},"content":{"rendered":"<p>F\u00f6lj med till en v\u00e4rld full av vackra h\u00e4star! Denna 32-sidiga pysselbok med stickers \u00e4r en dr\u00f6m som g\u00e5r i uppfyllelse f\u00f6r alla som \u00e4lskar h\u00e4star!<\/p>\n","protected":false},"excerpt":{"rendered":"<p>F\u00f6lj med till en v\u00e4rld full av vackra h\u00e4star! Denna 32-sidiga pysselbok med stickers \u00e4r en dr\u00f6m som g\u00e5r i uppfyllelse f\u00f6r alla som \u00e4lskar h\u00e4star!<\/p>\n","protected":false},"featured_media":0,"template":"","meta":{"content-type":"","_monsterinsights_skip_tracking":false,"_monsterinsights_sitenote_active":false,"_monsterinsights_sitenote_note":"","_monsterinsights_sitenote_category":0},"product_brand":[],"product_cat":[1531],"product_tag":[],"brand":[],"target-group":[],"discontinued":[],"class_list":{"0":"post-61877","1":"product","2":"type-product","3":"status-publish","5":"product_cat-pysselbok-med-klistermarken","7":"first","8":"instock","9":"taxable","10":"shipping-taxable","11":"product-type-simple"},"aioseo_notices":[],"_links":{"self":[{"href":"https:\/\/games.tactic.net\/sv\/wp-json\/wp\/v2\/product\/61877","targetHints":{"allow":["GET"]}}],"collection":[{"href":"https:\/\/games.tactic.net\/sv\/wp-json\/wp\/v2\/product"}],"about":[{"href":"https:\/\/games.tactic.net\/sv\/wp-json\/wp\/v2\/types\/product"}],"wp:attachment":[{"href":"https:\/\/games.tactic.net\/sv\/wp-json\/wp\/v2\/media?parent=61877"}],"wp:term":[{"taxonomy":"product_brand","embeddable":true,"href":"https:\/\/games.tactic.net\/sv\/wp-json\/wp\/v2\/product_brand?post=61877"},{"taxonomy":"product_cat","embeddable":true,"href":"https:\/\/games.tactic.net\/sv\/wp-json\/wp\/v2\/product_cat?post=61877"},{"taxonomy":"product_tag","embeddable":true,"href":"https:\/\/games.tactic.net\/sv\/wp-json\/wp\/v2\/product_tag?post=61877"},{"taxonomy":"brand","embeddable":true,"href":"https:\/\/games.tactic.net\/sv\/wp-json\/wp\/v2\/brand?post=61877"},{"taxonomy":"target-group","embeddable":true,"href":"https:\/\/games.tactic.net\/sv\/wp-json\/wp\/v2\/target-group?post=61877"},{"taxonomy":"discontinued","embeddable":true,"href":"https:\/\/games.tactic.net\/sv\/wp-json\/wp\/v2\/discontinued?post=61877"}],"curies":[{"name":"wp","href":"https:\/\/api.w.org\/{rel}","templated":true}]}}