{"id":61788,"date":"2021-02-16T11:22:15","date_gmt":"2021-02-16T09:22:15","guid":{"rendered":"https:\/\/dev.tactic.net\/tuote\/ska-vi-sla-vad-20\/"},"modified":"2023-10-25T16:04:21","modified_gmt":"2023-10-25T13:04:21","slug":"ska-vi-sla-vad-20","status":"publish","type":"product","link":"https:\/\/games.tactic.net\/sv\/tuote\/ska-vi-sla-vad-20\/","title":{"rendered":"Tactic Ska vi sl\u00e5 vad? 2.0 br\u00e4dspel"},"content":{"rendered":"<p>Sl\u00e5 t\u00e4rningen och f\u00f6rs\u00f6k l\u00f6sa en aktiv eller passiv uppgift, beroende p\u00e5 vilken ruta du hamnar p\u00e5. De andra spelarna sl\u00e5r vad om huruvida du kommer att lyckas eller inte, medan du vinner lika m\u00e5nga po\u00e4ng om du klarar av uppgiften!<\/p>\n<p><img decoding=\"async\" src=\"https:\\\\\\\\games.tactic.net\\\\pic\\\\logo\\\\Awarded_concept.png\"><\/p>\n","protected":false},"excerpt":{"rendered":"<p>Sl\u00e5 t\u00e4rningen och f\u00f6rs\u00f6k l\u00f6sa en aktiv eller passiv uppgift, beroende p\u00e5 vilken ruta du hamnar p\u00e5. De andra spelarna sl\u00e5r vad om huruvida du kommer att lyckas eller inte, medan du vinner lika m\u00e5nga po\u00e4ng om du klarar av uppgiften!<\/p>\n","protected":false},"featured_media":0,"template":"","meta":{"content-type":"","_monsterinsights_skip_tracking":false,"_monsterinsights_sitenote_active":false,"_monsterinsights_sitenote_note":"","_monsterinsights_sitenote_category":0},"product_brand":[],"product_cat":[1541,1540],"product_tag":[1249],"brand":[],"target-group":[],"discontinued":[],"class_list":{"0":"post-61788","1":"product","2":"type-product","3":"status-publish","5":"product_cat-party-spel-vuxenspel","6":"product_cat-partyspel","7":"product_tag-skicklighet-sv","9":"first","10":"instock","11":"taxable","12":"shipping-taxable","13":"product-type-simple"},"aioseo_notices":[],"_links":{"self":[{"href":"https:\/\/games.tactic.net\/sv\/wp-json\/wp\/v2\/product\/61788","targetHints":{"allow":["GET"]}}],"collection":[{"href":"https:\/\/games.tactic.net\/sv\/wp-json\/wp\/v2\/product"}],"about":[{"href":"https:\/\/games.tactic.net\/sv\/wp-json\/wp\/v2\/types\/product"}],"wp:attachment":[{"href":"https:\/\/games.tactic.net\/sv\/wp-json\/wp\/v2\/media?parent=61788"}],"wp:term":[{"taxonomy":"product_brand","embeddable":true,"href":"https:\/\/games.tactic.net\/sv\/wp-json\/wp\/v2\/product_brand?post=61788"},{"taxonomy":"product_cat","embeddable":true,"href":"https:\/\/games.tactic.net\/sv\/wp-json\/wp\/v2\/product_cat?post=61788"},{"taxonomy":"product_tag","embeddable":true,"href":"https:\/\/games.tactic.net\/sv\/wp-json\/wp\/v2\/product_tag?post=61788"},{"taxonomy":"brand","embeddable":true,"href":"https:\/\/games.tactic.net\/sv\/wp-json\/wp\/v2\/brand?post=61788"},{"taxonomy":"target-group","embeddable":true,"href":"https:\/\/games.tactic.net\/sv\/wp-json\/wp\/v2\/target-group?post=61788"},{"taxonomy":"discontinued","embeddable":true,"href":"https:\/\/games.tactic.net\/sv\/wp-json\/wp\/v2\/discontinued?post=61788"}],"curies":[{"name":"wp","href":"https:\/\/api.w.org\/{rel}","templated":true}]}}