{"id":617440,"date":"2022-07-27T13:35:31","date_gmt":"2022-07-27T10:35:31","guid":{"rendered":"http:\/\/games.tactic.net\/tuote\/lumo-stars-kawaii-cone\/"},"modified":"2023-10-20T18:27:30","modified_gmt":"2023-10-20T15:27:30","slug":"lumo-stars-kawaii-cone","status":"publish","type":"product","link":"https:\/\/games.tactic.net\/sv\/tuote\/lumo-stars-kawaii-cone\/","title":{"rendered":"Lumo Stars Kawaii Cone plush"},"content":{"rendered":"<p>En h\u00e4rlig mjukisleksak i form av en glasskon! Den h\u00e4r s\u00f6ta glasskonen kommer att lysa upp barnens rum och \u00e4r en fantastisk gosig kompanjon!<\/p>\n","protected":false},"excerpt":{"rendered":"<p>En h\u00e4rlig mjukisleksak i form av en glasskon! Den h\u00e4r s\u00f6ta glasskonen kommer att lysa upp barnens rum och \u00e4r en fantastisk gosig kompanjon!<\/p>\n","protected":false},"featured_media":0,"template":"","meta":{"content-type":"","_monsterinsights_skip_tracking":false,"_monsterinsights_sitenote_active":false,"_monsterinsights_sitenote_note":"","_monsterinsights_sitenote_category":0},"product_brand":[],"product_cat":[1570],"product_tag":[853,491,854],"brand":[{"id":1018,"name":"Lumo Stars","slug":"lumo-stars-13"}],"target-group":[],"discontinued":[],"class_list":{"0":"post-617440","1":"product","2":"type-product","3":"status-publish","5":"product_cat-ovrigt","6":"product_tag-kramgo","7":"product_tag-lumo-stars","8":"product_tag-mjukdjur","9":"brand-lumo-stars-13","11":"first","12":"instock","13":"taxable","14":"shipping-taxable","15":"product-type-simple"},"aioseo_notices":[],"_links":{"self":[{"href":"https:\/\/games.tactic.net\/sv\/wp-json\/wp\/v2\/product\/617440","targetHints":{"allow":["GET"]}}],"collection":[{"href":"https:\/\/games.tactic.net\/sv\/wp-json\/wp\/v2\/product"}],"about":[{"href":"https:\/\/games.tactic.net\/sv\/wp-json\/wp\/v2\/types\/product"}],"wp:attachment":[{"href":"https:\/\/games.tactic.net\/sv\/wp-json\/wp\/v2\/media?parent=617440"}],"wp:term":[{"taxonomy":"product_brand","embeddable":true,"href":"https:\/\/games.tactic.net\/sv\/wp-json\/wp\/v2\/product_brand?post=617440"},{"taxonomy":"product_cat","embeddable":true,"href":"https:\/\/games.tactic.net\/sv\/wp-json\/wp\/v2\/product_cat?post=617440"},{"taxonomy":"product_tag","embeddable":true,"href":"https:\/\/games.tactic.net\/sv\/wp-json\/wp\/v2\/product_tag?post=617440"},{"taxonomy":"brand","embeddable":true,"href":"https:\/\/games.tactic.net\/sv\/wp-json\/wp\/v2\/brand?post=617440"},{"taxonomy":"target-group","embeddable":true,"href":"https:\/\/games.tactic.net\/sv\/wp-json\/wp\/v2\/target-group?post=617440"},{"taxonomy":"discontinued","embeddable":true,"href":"https:\/\/games.tactic.net\/sv\/wp-json\/wp\/v2\/discontinued?post=617440"}],"curies":[{"name":"wp","href":"https:\/\/api.w.org\/{rel}","templated":true}]}}