{"id":61649,"date":"2021-02-16T11:16:41","date_gmt":"2021-02-16T09:16:41","guid":{"rendered":"https:\/\/dev.tactic.net\/tuote\/lumo-stars-bear-camo-classic\/"},"modified":"2023-10-20T10:29:31","modified_gmt":"2023-10-20T07:29:31","slug":"lumo-stars-bear-camo-classic","status":"publish","type":"product","link":"https:\/\/games.tactic.net\/sv\/tuote\/lumo-stars-bear-camo-classic\/","title":{"rendered":"Lumo Stars Bear Camo classic plush"},"content":{"rendered":"<p>Classic 15 cm. Samlingsbar baby mjukdjur. Glad, krambar, v\u00e4nlig, sn\u00e4ll och s\u00f6t. Vi ler mer! S\u00f6t Northern Brights mjukdjurskollektion baseras p\u00e5 den verkliga nordiska naturen och vilda djur. Finsk design. Jag \u00e4r en stor och kramig bj\u00f6rn som \u00e4lskar att leka kurrag\u00f6mma. Tack vare min fina och mjuka kamouflagep\u00e4ls vinner jag alltid. www.lumostars.com<\/p>\n","protected":false},"excerpt":{"rendered":"<p>Classic 15 cm.<\/p>\n","protected":false},"featured_media":0,"template":"","meta":{"content-type":"","_monsterinsights_skip_tracking":false,"_monsterinsights_sitenote_active":false,"_monsterinsights_sitenote_note":"","_monsterinsights_sitenote_category":0},"product_brand":[],"product_cat":[1564],"product_tag":[853,1264,854],"brand":[{"id":1018,"name":"Lumo Stars","slug":"lumo-stars-13"}],"target-group":[],"discontinued":[],"class_list":{"0":"post-61649","1":"product","2":"type-product","3":"status-publish","5":"product_cat-classic-gosedjur-lumo-stars-5","6":"product_tag-kramgo","7":"product_tag-lumo-stars-sv","8":"product_tag-mjukdjur","9":"brand-lumo-stars-13","11":"first","12":"instock","13":"taxable","14":"shipping-taxable","15":"product-type-simple"},"aioseo_notices":[],"_links":{"self":[{"href":"https:\/\/games.tactic.net\/sv\/wp-json\/wp\/v2\/product\/61649","targetHints":{"allow":["GET"]}}],"collection":[{"href":"https:\/\/games.tactic.net\/sv\/wp-json\/wp\/v2\/product"}],"about":[{"href":"https:\/\/games.tactic.net\/sv\/wp-json\/wp\/v2\/types\/product"}],"wp:attachment":[{"href":"https:\/\/games.tactic.net\/sv\/wp-json\/wp\/v2\/media?parent=61649"}],"wp:term":[{"taxonomy":"product_brand","embeddable":true,"href":"https:\/\/games.tactic.net\/sv\/wp-json\/wp\/v2\/product_brand?post=61649"},{"taxonomy":"product_cat","embeddable":true,"href":"https:\/\/games.tactic.net\/sv\/wp-json\/wp\/v2\/product_cat?post=61649"},{"taxonomy":"product_tag","embeddable":true,"href":"https:\/\/games.tactic.net\/sv\/wp-json\/wp\/v2\/product_tag?post=61649"},{"taxonomy":"brand","embeddable":true,"href":"https:\/\/games.tactic.net\/sv\/wp-json\/wp\/v2\/brand?post=61649"},{"taxonomy":"target-group","embeddable":true,"href":"https:\/\/games.tactic.net\/sv\/wp-json\/wp\/v2\/target-group?post=61649"},{"taxonomy":"discontinued","embeddable":true,"href":"https:\/\/games.tactic.net\/sv\/wp-json\/wp\/v2\/discontinued?post=61649"}],"curies":[{"name":"wp","href":"https:\/\/api.w.org\/{rel}","templated":true}]}}