{"id":61646,"date":"2021-02-16T11:16:28","date_gmt":"2021-02-16T09:16:28","guid":{"rendered":"https:\/\/dev.tactic.net\/tuote\/go-go-eskimo\/"},"modified":"2023-09-19T09:46:57","modified_gmt":"2023-09-19T06:46:57","slug":"go-go-eskimo","status":"archive","type":"product","link":"https:\/\/games.tactic.net\/sv\/tuote\/go-go-eskimo\/","title":{"rendered":"Go Go Eskimo"},"content":{"rendered":"<div>Flytta \u00e4ventyrarna l\u00e4ngs stigen och f\u00f6rs\u00f6k samla s\u00e5 m\u00e5nga fiskbrickor av samma sort som m\u00f6jligt! Den spelare som har st\u00f6rst f\u00e5ngst vid spelets slut vinner! Anv\u00e4nd r\u00e4tt strategi och hoppas p\u00e5 det b\u00e4sta, s\u00e5 vinner du det h\u00e4r \u00e4ventyrsspelet f\u00f6r hela familjen!<\/div>\n<div><\/div>\n<div>\u2022 Stora spelfigurer av tr\u00e4 och en isbj\u00f6rn medf\u00f6ljer.<\/div>\n<div>\u2022 Isbj\u00f6rnen g\u00f6r spelet mer sp\u00e4nnande.<\/div>\n<div>\u2022 Ett sp\u00e4nnande br\u00e4dspel fr\u00e5n en prisbel\u00f6nt spelutvecklare!<\/div>\n","protected":false},"excerpt":{"rendered":"<div>Flytta \u00e4ventyrarna l\u00e4ngs stigen och f\u00f6rs\u00f6k samla s\u00e5 m\u00e5nga fiskbrickor av samma sort som m\u00f6jligt! Den spelare som har st\u00f6rst f\u00e5ngst vid spelets slut vinner! Anv\u00e4nd r\u00e4tt strategi och hoppas p\u00e5 det b\u00e4sta, s\u00e5 vinner du det h\u00e4r \u00e4ventyrsspelet f\u00f6r hela familjen!<\/div>\n","protected":false},"featured_media":0,"template":"","meta":{"content-type":"","_monsterinsights_skip_tracking":false,"_monsterinsights_sitenote_active":false,"_monsterinsights_sitenote_note":"","_monsterinsights_sitenote_category":0},"product_brand":[],"product_cat":[1461,2087],"product_tag":[1265,845],"brand":[],"target-group":[],"discontinued":[],"class_list":{"0":"post-61646","1":"product","2":"type-product","3":"status-archive","5":"product_cat-bradspel","6":"product_cat-outlet-3","7":"product_tag-taktik-sv","8":"product_tag-tillsammans","10":"first","11":"instock","12":"sale","13":"taxable","14":"shipping-taxable","15":"product-type-simple"},"aioseo_notices":[],"_links":{"self":[{"href":"https:\/\/games.tactic.net\/sv\/wp-json\/wp\/v2\/product\/61646","targetHints":{"allow":["GET"]}}],"collection":[{"href":"https:\/\/games.tactic.net\/sv\/wp-json\/wp\/v2\/product"}],"about":[{"href":"https:\/\/games.tactic.net\/sv\/wp-json\/wp\/v2\/types\/product"}],"wp:attachment":[{"href":"https:\/\/games.tactic.net\/sv\/wp-json\/wp\/v2\/media?parent=61646"}],"wp:term":[{"taxonomy":"product_brand","embeddable":true,"href":"https:\/\/games.tactic.net\/sv\/wp-json\/wp\/v2\/product_brand?post=61646"},{"taxonomy":"product_cat","embeddable":true,"href":"https:\/\/games.tactic.net\/sv\/wp-json\/wp\/v2\/product_cat?post=61646"},{"taxonomy":"product_tag","embeddable":true,"href":"https:\/\/games.tactic.net\/sv\/wp-json\/wp\/v2\/product_tag?post=61646"},{"taxonomy":"brand","embeddable":true,"href":"https:\/\/games.tactic.net\/sv\/wp-json\/wp\/v2\/brand?post=61646"},{"taxonomy":"target-group","embeddable":true,"href":"https:\/\/games.tactic.net\/sv\/wp-json\/wp\/v2\/target-group?post=61646"},{"taxonomy":"discontinued","embeddable":true,"href":"https:\/\/games.tactic.net\/sv\/wp-json\/wp\/v2\/discontinued?post=61646"}],"curies":[{"name":"wp","href":"https:\/\/api.w.org\/{rel}","templated":true}]}}