{"id":61645,"date":"2019-11-09T01:51:17","date_gmt":"2021-02-16T09:16:25","guid":{"rendered":"https:\/\/dev.tactic.net\/tuote\/larsen-fodelsedagskalas-maxi\/"},"modified":"2023-10-19T15:12:44","modified_gmt":"2023-10-19T12:12:44","slug":"larsen-fodelsedagskalas-maxi","status":"publish","type":"product","link":"https:\/\/games.tactic.net\/sv\/tuote\/larsen-fodelsedagskalas-maxi\/","title":{"rendered":"Larsen Maxi F\u00f6delsedagskalas 20 pcs pussel"},"content":{"rendered":"<p>Larsen Maxi F\u00f6delsedagskalas 20 bitar pussel 36,5 x 28,5 cm. Det finns inget mer sp\u00e4nnande \u00e4n ett riktigt bra f\u00f6delsedagskalas \u2013 s\u00e4rskilt n\u00e4r det \u00e4r ditt eget! Hur m\u00e5nga ljus brinner p\u00e5 t\u00e5rtan? Alla v\u00e4nner har kommit med presenter. H\u00e4r finns ballonger, konfetti och festtillbeh\u00f6r. Har n\u00e5gon gl\u00f6mt sin partyhatt? N\u00e5gra valpar har hoppat upp p\u00e5 bordet f\u00f6r att smaka glass och kakor. Vem tror du \u00e4ter mest t\u00e5rta? N\u00e5gra bitar \u00e4r formade som en nallebj\u00f6rn, en krona, rullskridskor, skateboard, torn och cupcake.<\/p>\n<p>Larsen Maxi \u00e4r en h\u00f6gkvalitativ pusselserie f\u00f6r barn som kombinerar l\u00e4rande och lek. F\u00e4rgstarka illustrationer och stadiga rambitar g\u00f6r pusslen enkla och roliga att l\u00e4gga. Larsen Maxi-pussel \u00e4r idealiska f\u00f6r yngre barn och hj\u00e4lper till att utveckla finmotorik och koncentration.<\/p>\n<p>Larsen tillverkar h\u00f6gkvalitativa pedagogiska pussel som \u00e4r utformade f\u00f6r att st\u00f6dja l\u00e4rande genom lek. Detta norska familjef\u00f6retag har varit verksamt sedan 1953, och alla pussel tillverkas i Norge. Sortimentet omfattar m\u00e5nga olika teman som djur, kartor, fordon, rymden och natur. Tydliga illustrationer och h\u00e5llbara bitar g\u00f6r Larsen-pussel till ett utm\u00e4rkt val f\u00f6r barn.<\/p>\n","protected":false},"excerpt":{"rendered":"<p>Larsen Maxi F\u00f6delsedagskalas 20 bitars pussel 36,5 x 28,5 cm visar ett roligt barnkalas. Pussel som st\u00f6djer fantasi och observation.<\/p>\n","protected":false},"featured_media":0,"template":"","meta":{"content-type":"","_monsterinsights_skip_tracking":false,"_monsterinsights_sitenote_active":false,"_monsterinsights_sitenote_note":"","_monsterinsights_sitenote_category":0},"product_brand":[],"product_cat":[1520],"product_tag":[1235,932,845],"brand":[],"target-group":[],"discontinued":[],"class_list":{"0":"post-61645","1":"product","2":"type-product","3":"status-publish","5":"product_cat-barn-pussel","6":"product_tag-kombinera-sv","7":"product_tag-tidsfordriv","8":"product_tag-tillsammans","10":"first","11":"instock","12":"taxable","13":"shipping-taxable","14":"product-type-simple"},"aioseo_notices":[],"_links":{"self":[{"href":"https:\/\/games.tactic.net\/sv\/wp-json\/wp\/v2\/product\/61645","targetHints":{"allow":["GET"]}}],"collection":[{"href":"https:\/\/games.tactic.net\/sv\/wp-json\/wp\/v2\/product"}],"about":[{"href":"https:\/\/games.tactic.net\/sv\/wp-json\/wp\/v2\/types\/product"}],"wp:attachment":[{"href":"https:\/\/games.tactic.net\/sv\/wp-json\/wp\/v2\/media?parent=61645"}],"wp:term":[{"taxonomy":"product_brand","embeddable":true,"href":"https:\/\/games.tactic.net\/sv\/wp-json\/wp\/v2\/product_brand?post=61645"},{"taxonomy":"product_cat","embeddable":true,"href":"https:\/\/games.tactic.net\/sv\/wp-json\/wp\/v2\/product_cat?post=61645"},{"taxonomy":"product_tag","embeddable":true,"href":"https:\/\/games.tactic.net\/sv\/wp-json\/wp\/v2\/product_tag?post=61645"},{"taxonomy":"brand","embeddable":true,"href":"https:\/\/games.tactic.net\/sv\/wp-json\/wp\/v2\/brand?post=61645"},{"taxonomy":"target-group","embeddable":true,"href":"https:\/\/games.tactic.net\/sv\/wp-json\/wp\/v2\/target-group?post=61645"},{"taxonomy":"discontinued","embeddable":true,"href":"https:\/\/games.tactic.net\/sv\/wp-json\/wp\/v2\/discontinued?post=61645"}],"curies":[{"name":"wp","href":"https:\/\/api.w.org\/{rel}","templated":true}]}}